{"id":905,"date":"2023-04-19T11:06:35","date_gmt":"2023-04-19T09:06:35","guid":{"rendered":"https:\/\/tfc.bhakwien10.schulwebspace.at\/?page_id=905"},"modified":"2024-12-05T10:18:56","modified_gmt":"2024-12-05T09:18:56","slug":"leitbild","status":"publish","type":"page","link":"https:\/\/tfc.bhakwien10.at\/en\/leitbild\/","title":{"rendered":"Leitbild"},"content":{"rendered":"<!--themify_builder_content-->\n<div id=\"themify_builder_content-905\" data-postid=\"905\" class=\"themify_builder_content themify_builder_content-905 themify_builder tf_clear\">\n    \t<!-- module_row -->\n\t<div  data-lazy=\"1\" class=\"module_row themify_builder_row tb_kwqn381 tb_first clearfix\">\n\t    \t\t<div class=\"row_inner col_align_top tf_box tf_w tf_rel\">\n\t\t\t<div  data-lazy=\"1\" class=\"module_column tb-column col-full first tb_4gz6382 tf_box\">\n\t    \t    \t        <div class=\"tb-column-inner tf_box tf_w\">\n\t\t    <!-- module text -->\n<div  class=\"module module-text tb_avm761\" data-lazy=\"1\">\n            <div  class=\"tb_text_wrap\">\n    <h2 style=\"text-align: center;\">Unser Leitbild<\/h2>    <\/div>\n<\/div>\n<!-- \/module text --><!-- module divider -->\n<div  class=\"module tf_mw module-divider tb_ix22431 solid\" style=\"border-width: 1px;border-color: #000;\" data-lazy=\"1\">\n        <\/div>\n<!-- \/module divider -->\n\t        <\/div>\n\t    \t<\/div>\n\t\t    <\/div>\n\t    <!-- \/row_inner -->\n\t<\/div>\n\t<!-- \/module_row -->\n\t\t<!-- module_row -->\n\t<div  data-lazy=\"1\" class=\"module_row themify_builder_row tb_ntge134 clearfix\" >\n\t    \t\t<div class=\"row_inner col_align_top tf_box tf_w tf_rel\">\n\t\t\t<div  data-lazy=\"1\" class=\"module_column tb-column col2-1 first tb_8lok135 tf_box\">\n\t    \t    \t        <div class=\"tb-column-inner tf_box tf_w\">\n\t\t    <!-- module feature -->\n<div  class=\"module module-feature tb_hbxa533 with-chart layout-icon-top size-custom\" data-lazy=\"1\">\n        <div class=\"module-feature-image tf_textc tf_rel\">\n\t\t\t    <span class=\"module-feature-chart-html5 tf_box tf_rel tf_inline_b\" style=\"width:300px;height:300px;\">\n\t\t\t\t    <svg class=\"tf_abs tf_w tf_h\">\n\t\t\t<circle class=\"tb_feature_fill\" r=\"calc(50% - 1px)\" cx=\"50%\" cy=\"50%\" stroke-width=\"2\"\/>\n\t\t\t<circle class=\"tb_feature_stroke\" r=\"calc(50% - 1px)\" cx=\"50%\" cy=\"50%\" stroke=\"#de5d5d\" stroke-width=\"2\" data-progress=\"100\" stroke-dasharray=\"0,10000\"\/>\n\t\t\t\t\t    <\/svg>\n\t\t\t\t<span class=\"chart-html5-circle tf_w tf_h\">\n\t\t\t\t\t\t\t<img decoding=\"async\" style=\"width:calc(100% - 4px);height:calc(100% - 4px)\" src=\"https:\/\/tfc.bhakwien10.at\/wp-content\/uploads\/2021\/11\/vision.jpg\" alt=\"Vision\">\n\t\t\t \t\t   <\/span>\n\t    <\/span>\n\t        <\/div>\n    <div class=\"module-feature-content tf_textc\">\n\t    \t<h3 class=\"module-feature-title\">\n\t\t\t\t    Vision\t\t    \t<\/h3>\n\t    \t<div class=\"tb_text_wrap\">\n\t    <p>\u00dcberall Fair-Trade! Wir m\u00f6chten das gr\u00f6\u00dfte nachhaltige Unternehmen \u00d6sterreichs werden, dass mit fairen Produkten handelt. Wir wollen ein Netzwerk von bewussten Konsumenten aufbauen und unsere Nachhaltigkeit in Zusammenhang mit Qualit\u00e4t verbreiten. Unser Zukunftsidealbild ist es, Partnerschaften im Inland sowie im Ausland aufgebaut zu haben.<\/p>\t<\/div>\n    <\/div>\n<\/div>\n<!-- \/module feature -->\n\t        <\/div>\n\t    \t<\/div>\n\t\t<div  data-lazy=\"1\" class=\"module_column tb-column col2-1 last tb_dl6w135 tf_box\">\n\t    \t    \t        <div class=\"tb-column-inner tf_box tf_w\">\n\t\t    <!-- module feature -->\n<div  class=\"module module-feature tb_xog687 with-chart layout-icon-top size-custom\" data-lazy=\"1\">\n        <div class=\"module-feature-image tf_textc tf_rel\">\n\t\t\t    <span class=\"module-feature-chart-html5 tf_box tf_rel tf_inline_b\" style=\"width:300px;height:300px;\">\n\t\t\t\t    <svg class=\"tf_abs tf_w tf_h\">\n\t\t\t<circle class=\"tb_feature_fill\" r=\"calc(50% - 1px)\" cx=\"50%\" cy=\"50%\" stroke-width=\"2\"\/>\n\t\t\t<circle class=\"tb_feature_stroke\" r=\"calc(50% - 1px)\" cx=\"50%\" cy=\"50%\" stroke=\"#de5d5d\" stroke-width=\"2\" data-progress=\"100\" stroke-dasharray=\"0,10000\"\/>\n\t\t\t\t\t    <\/svg>\n\t\t\t\t<span class=\"chart-html5-circle tf_w tf_h\">\n\t\t\t\t\t\t\t<img decoding=\"async\" style=\"width:calc(100% - 4px);height:calc(100% - 4px)\" src=\"https:\/\/tfc.bhakwien10.at\/wp-content\/uploads\/2021\/11\/werte.jpg\" alt=\"Werte\">\n\t\t\t \t\t   <\/span>\n\t    <\/span>\n\t        <\/div>\n    <div class=\"module-feature-content tf_textc\">\n\t    \t<h3 class=\"module-feature-title\">\n\t\t\t\t    Werte\t\t    \t<\/h3>\n\t    \t<div class=\"tb_text_wrap\">\n\t    <p>Wir sind The Fair Company GmbH und handeln mit fair erzeugten Produkten. Wir legen sehr viel Wert auf ein qualitatives Preis-Leistungsverh\u00e4ltnis und setzen uns f\u00fcr Gerechtigkeit ein. Uns ist wichtig zu kennen, wie und wo unsere Produkte hergestellt werden. Fairness, Respekt und Vertrauen sind uns wichtig.<\/p>\n<p>Die Mitarbeiterzufriedenheit f\u00fchrt zur Zufriedenheit der Kunden, deshalb verst\u00e4rken wir sie durch regelm\u00e4\u00dfiges Teambuilding. In unserer \u00dcbungsfirma wird transparent, kollegial und offen gehandelt. Wir gehen mit Kritik konstruktiv um.<\/p>\t<\/div>\n    <\/div>\n<\/div>\n<!-- \/module feature -->\n\t        <\/div>\n\t    \t<\/div>\n\t\t    <\/div>\n\t    <!-- \/row_inner -->\n\t<\/div>\n\t<!-- \/module_row -->\n\t\t<!-- module_row -->\n\t<div  data-lazy=\"1\" class=\"module_row themify_builder_row tb_6t30267 clearfix\" >\n\t    \t\t<div class=\"row_inner col_align_top tf_box tf_w tf_rel\">\n\t\t\t<div  data-lazy=\"1\" class=\"module_column tb-column col2-1 first tb_2vup268 tf_box\">\n\t    \t    \t        <div class=\"tb-column-inner tf_box tf_w\">\n\t\t    <!-- module feature -->\n<div  class=\"module module-feature tb_ybjd153 with-chart layout-icon-top size-custom\" data-lazy=\"1\">\n        <div class=\"module-feature-image tf_textc tf_rel\">\n\t\t\t    <span class=\"module-feature-chart-html5 tf_box tf_rel tf_inline_b\" style=\"width:300px;height:300px;\">\n\t\t\t\t    <svg class=\"tf_abs tf_w tf_h\">\n\t\t\t<circle class=\"tb_feature_fill\" r=\"calc(50% - 1px)\" cx=\"50%\" cy=\"50%\" stroke-width=\"2\"\/>\n\t\t\t<circle class=\"tb_feature_stroke\" r=\"calc(50% - 1px)\" cx=\"50%\" cy=\"50%\" stroke=\"#de5d5d\" stroke-width=\"2\" data-progress=\"100\" stroke-dasharray=\"0,10000\"\/>\n\t\t\t\t\t    <\/svg>\n\t\t\t\t<span class=\"chart-html5-circle tf_w tf_h\">\n\t\t\t\t\t\t\t<img decoding=\"async\" style=\"width:calc(100% - 4px);height:calc(100% - 4px)\" src=\"https:\/\/tfc.bhakwien10.at\/wp-content\/uploads\/2021\/11\/nutzen.jpg\" alt=\"Nutzen\">\n\t\t\t \t\t   <\/span>\n\t    <\/span>\n\t        <\/div>\n    <div class=\"module-feature-content tf_textc\">\n\t    \t<h3 class=\"module-feature-title\">\n\t\t\t\t    Nutzen\t\t    \t<\/h3>\n\t    \t<div class=\"tb_text_wrap\">\n\t    <p>Unsere Mission ist es mit fairen Produkten unseren Gewinn zu maximieren. Wir wollen unseren Kunden vermitteln, dass qualitative G\u00fcter und fairer Handel viel mehr Profit einbringen. Wir erm\u00f6glichen Menschen in Entwicklungsl\u00e4ndern hochqualitative Produkte bzw. die notwendigen Rohmaterialien zu fairen Arbeitsbedingungen und gerechtem Lohn herzustellen.<\/p>\n<p>Wir erm\u00f6glichen unseren Kunden somit nicht nur sp\u00fcrbar hochwertige Produkte, sondern auch verantwortungsvolles Handeln. Dabei m\u00f6chten wir, all jene Dinge in die Praxis umsetzen, die wir theoretisch im Unterricht gelernt haben. Durch den \u00dcbungsfirmenbetrieb eignen wir uns F\u00e4higkeiten und Wissen an, welche wichtig f\u00fcr unsere berufliche Zukunft sind. Durch den ausreichenden Freiraum, f\u00f6rdern wir die Eigenverantwortung unserer Mitarbeiter.<\/p>\t<\/div>\n    <\/div>\n<\/div>\n<!-- \/module feature -->\n\t        <\/div>\n\t    \t<\/div>\n\t\t<div  data-lazy=\"1\" class=\"module_column tb-column col2-1 last tb_izbl268 tf_box\">\n\t    \t    \t        <div class=\"tb-column-inner tf_box tf_w\">\n\t\t    <!-- module feature -->\n<div  class=\"module module-feature tb_bvx2921 with-chart layout-icon-top size-custom\" data-lazy=\"1\">\n        <div class=\"module-feature-image tf_textc tf_rel\">\n\t\t\t    <span class=\"module-feature-chart-html5 tf_box tf_rel tf_inline_b\" style=\"width:300px;height:300px;\">\n\t\t\t\t    <svg class=\"tf_abs tf_w tf_h\">\n\t\t\t<circle class=\"tb_feature_fill\" r=\"calc(50% - 1px)\" cx=\"50%\" cy=\"50%\" stroke-width=\"2\"\/>\n\t\t\t<circle class=\"tb_feature_stroke\" r=\"calc(50% - 1px)\" cx=\"50%\" cy=\"50%\" stroke=\"#de5d5d\" stroke-width=\"2\" data-progress=\"100\" stroke-dasharray=\"0,10000\"\/>\n\t\t\t\t\t    <\/svg>\n\t\t\t\t<span class=\"chart-html5-circle tf_w tf_h\">\n\t\t\t\t\t\t\t<img decoding=\"async\" style=\"width:calc(100% - 4px);height:calc(100% - 4px)\" src=\"https:\/\/tfc.bhakwien10.at\/wp-content\/uploads\/2021\/11\/staerken.jpg\" alt=\"St\u00e4rken\">\n\t\t\t \t\t   <\/span>\n\t    <\/span>\n\t        <\/div>\n    <div class=\"module-feature-content tf_textc\">\n\t    \t<h3 class=\"module-feature-title\">\n\t\t\t\t    St\u00e4rken\t\t    \t<\/h3>\n\t    \t<div class=\"tb_text_wrap\">\n\t    <p>Unsere St\u00e4rken sind Verantwortungsbewusstsein, Effizienz und Verl\u00e4sslichkeit. Unsere Leistung beinhaltet den Verkauf von Food &amp; Non Food Produkten. Durch die hochwertige Produktion und gerecht leistbare Preise, werden sie an den Endkonsumenten verkauft. Durch die Kooperation mit dem Unternehmen Weltladen sichern wir die Qualit\u00e4t unserer Produkte.<\/p>\n<p>Unser Hauptaugenmerk liegt auf den Kunden, die einen nachhaltigen und umweltbewussten Lebensstil verfolgen. Unser Team besteht aus engagierten, zuverl\u00e4ssigen, hilfsbereiten und kompetenten MitarbeiterInnen, die von zwei Gesch\u00e4ftsf\u00fchrerinnen laufend betreut und begleitet werden. Wir legen gro\u00dfen Wert auf einen schonenden Umgang mit Ressourcen.<\/p>\t<\/div>\n    <\/div>\n<\/div>\n<!-- \/module feature -->\n\t        <\/div>\n\t    \t<\/div>\n\t\t    <\/div>\n\t    <!-- \/row_inner -->\n\t<\/div>\n\t<!-- \/module_row -->\n\t<\/div>\n<!--\/themify_builder_content-->","protected":false},"excerpt":{"rendered":"<p>Unser Leitbild Vision \u00dcberall Fair-Trade! Wir m\u00f6chten das gr\u00f6\u00dfte nachhaltige Unternehmen \u00d6sterreichs werden, dass mit fairen Produkten handelt. Wir wollen ein Netzwerk von bewussten Konsumenten aufbauen und unsere Nachhaltigkeit in Zusammenhang mit Qualit\u00e4t verbreiten. Unser Zukunftsidealbild ist es, Partnerschaften im Inland sowie im Ausland aufgebaut zu haben. Werte Wir sind The Fair Company GmbH und [&hellip;]<\/p>\n","protected":false},"author":1,"featured_media":0,"parent":0,"menu_order":0,"comment_status":"closed","ping_status":"closed","template":"","meta":{"footnotes":""},"class_list":["post-905","page","type-page","status-publish","hentry","has-post-title","has-post-date","has-post-category","has-post-tag","has-post-comment","has-post-author",""],"yoast_head":"<!-- This site is optimized with the Yoast SEO plugin v27.5 - https:\/\/yoast.com\/product\/yoast-seo-wordpress\/ -->\n<title>Leitbild - TFC - The Fair Company<\/title>\n<meta name=\"description\" content=\"Sch\u00fcler der BhakWien10 - Digital Business. Entwickle Projekte und pr\u00e4sentiere es auf meine Webseite. Bis jetzt habe ich an sehr vielen Wettbewerben und Projekten teilgenommen!\" \/>\n<meta name=\"robots\" content=\"index, follow, max-snippet:-1, max-image-preview:large, max-video-preview:-1\" \/>\n<link rel=\"canonical\" href=\"https:\/\/tfc.bhakwien10.at\/en\/leitbild\/\" \/>\n<meta property=\"og:locale\" content=\"en_US\" \/>\n<meta property=\"og:type\" content=\"article\" \/>\n<meta property=\"og:title\" content=\"Leitbild - TFC - The Fair Company\" \/>\n<meta property=\"og:description\" content=\"Sch\u00fcler der BhakWien10 - Digital Business. Entwickle Projekte und pr\u00e4sentiere es auf meine Webseite. Bis jetzt habe ich an sehr vielen Wettbewerben und Projekten teilgenommen!\" \/>\n<meta property=\"og:url\" content=\"https:\/\/tfc.bhakwien10.at\/en\/leitbild\/\" \/>\n<meta property=\"og:site_name\" content=\"TFC - The Fair Company\" \/>\n<meta property=\"article:modified_time\" content=\"2024-12-05T09:18:56+00:00\" \/>\n<meta property=\"og:image\" content=\"http:\/\/uefa.bhakwien10.at\/tfc\/wp-content\/uploads\/2021\/11\/vision.jpg\" \/>\n<meta name=\"twitter:card\" content=\"summary_large_image\" \/>\n<meta name=\"twitter:label1\" content=\"Est. reading time\" \/>\n\t<meta name=\"twitter:data1\" content=\"2 minutes\" \/>\n<script type=\"application\/ld+json\" class=\"yoast-schema-graph\">{\"@context\":\"https:\\\/\\\/schema.org\",\"@graph\":[{\"@type\":\"WebPage\",\"@id\":\"https:\\\/\\\/tfc.bhakwien10.at\\\/leitbild\\\/\",\"url\":\"https:\\\/\\\/tfc.bhakwien10.at\\\/leitbild\\\/\",\"name\":\"Leitbild - TFC - The Fair Company\",\"isPartOf\":{\"@id\":\"https:\\\/\\\/tfc.bhakwien10.at\\\/#website\"},\"primaryImageOfPage\":{\"@id\":\"https:\\\/\\\/tfc.bhakwien10.at\\\/leitbild\\\/#primaryimage\"},\"image\":{\"@id\":\"https:\\\/\\\/tfc.bhakwien10.at\\\/leitbild\\\/#primaryimage\"},\"thumbnailUrl\":\"https:\\\/\\\/tfc.bhakwien10.at\\\/wp-content\\\/uploads\\\/2021\\\/11\\\/vision.jpg\",\"datePublished\":\"2023-04-19T09:06:35+00:00\",\"dateModified\":\"2024-12-05T09:18:56+00:00\",\"description\":\"Sch\u00fcler der BhakWien10 - Digital Business. Entwickle Projekte und pr\u00e4sentiere es auf meine Webseite. Bis jetzt habe ich an sehr vielen Wettbewerben und Projekten teilgenommen!\",\"breadcrumb\":{\"@id\":\"https:\\\/\\\/tfc.bhakwien10.at\\\/leitbild\\\/#breadcrumb\"},\"inLanguage\":\"en-US\",\"potentialAction\":[{\"@type\":\"ReadAction\",\"target\":[\"https:\\\/\\\/tfc.bhakwien10.at\\\/leitbild\\\/\"]}]},{\"@type\":\"ImageObject\",\"inLanguage\":\"en-US\",\"@id\":\"https:\\\/\\\/tfc.bhakwien10.at\\\/leitbild\\\/#primaryimage\",\"url\":\"https:\\\/\\\/tfc.bhakwien10.at\\\/wp-content\\\/uploads\\\/2021\\\/11\\\/vision.jpg\",\"contentUrl\":\"https:\\\/\\\/tfc.bhakwien10.at\\\/wp-content\\\/uploads\\\/2021\\\/11\\\/vision.jpg\"},{\"@type\":\"BreadcrumbList\",\"@id\":\"https:\\\/\\\/tfc.bhakwien10.at\\\/leitbild\\\/#breadcrumb\",\"itemListElement\":[{\"@type\":\"ListItem\",\"position\":1,\"name\":\"Home\",\"item\":\"https:\\\/\\\/tfc.bhakwien10.at\\\/\"},{\"@type\":\"ListItem\",\"position\":2,\"name\":\"Leitbild\"}]},{\"@type\":\"WebSite\",\"@id\":\"https:\\\/\\\/tfc.bhakwien10.at\\\/#website\",\"url\":\"https:\\\/\\\/tfc.bhakwien10.at\\\/\",\"name\":\"TFC - The Fair Company\",\"description\":\"eine \u00dcbungsfirma der BHAK Wien10\",\"publisher\":{\"@id\":\"https:\\\/\\\/tfc.bhakwien10.at\\\/#\\\/schema\\\/person\\\/5cb8fa697af6d33808159e9d7906b0b3\"},\"potentialAction\":[{\"@type\":\"SearchAction\",\"target\":{\"@type\":\"EntryPoint\",\"urlTemplate\":\"https:\\\/\\\/tfc.bhakwien10.at\\\/?s={search_term_string}\"},\"query-input\":{\"@type\":\"PropertyValueSpecification\",\"valueRequired\":true,\"valueName\":\"search_term_string\"}}],\"inLanguage\":\"en-US\"},{\"@type\":[\"Person\",\"Organization\"],\"@id\":\"https:\\\/\\\/tfc.bhakwien10.at\\\/#\\\/schema\\\/person\\\/5cb8fa697af6d33808159e9d7906b0b3\",\"name\":\"TFC-Admin\",\"image\":{\"@type\":\"ImageObject\",\"inLanguage\":\"en-US\",\"@id\":\"https:\\\/\\\/secure.gravatar.com\\\/avatar\\\/e88abb8a9aa7b3ea623f6d7a03a34020950834c12ff10592a59cb1adce75b534?s=96&d=mm&r=g\",\"url\":\"https:\\\/\\\/secure.gravatar.com\\\/avatar\\\/e88abb8a9aa7b3ea623f6d7a03a34020950834c12ff10592a59cb1adce75b534?s=96&d=mm&r=g\",\"contentUrl\":\"https:\\\/\\\/secure.gravatar.com\\\/avatar\\\/e88abb8a9aa7b3ea623f6d7a03a34020950834c12ff10592a59cb1adce75b534?s=96&d=mm&r=g\",\"caption\":\"TFC-Admin\"},\"logo\":{\"@id\":\"https:\\\/\\\/secure.gravatar.com\\\/avatar\\\/e88abb8a9aa7b3ea623f6d7a03a34020950834c12ff10592a59cb1adce75b534?s=96&d=mm&r=g\"},\"sameAs\":[\"https:\\\/\\\/tfc.bhakwien10.at\\\/\"]}]}<\/script>\n<!-- \/ Yoast SEO plugin. -->","yoast_head_json":{"title":"Leitbild - TFC - The Fair Company","description":"Sch\u00fcler der BhakWien10 - Digital Business. Entwickle Projekte und pr\u00e4sentiere es auf meine Webseite. Bis jetzt habe ich an sehr vielen Wettbewerben und Projekten teilgenommen!","robots":{"index":"index","follow":"follow","max-snippet":"max-snippet:-1","max-image-preview":"max-image-preview:large","max-video-preview":"max-video-preview:-1"},"canonical":"https:\/\/tfc.bhakwien10.at\/en\/leitbild\/","og_locale":"en_US","og_type":"article","og_title":"Leitbild - TFC - The Fair Company","og_description":"Sch\u00fcler der BhakWien10 - Digital Business. Entwickle Projekte und pr\u00e4sentiere es auf meine Webseite. Bis jetzt habe ich an sehr vielen Wettbewerben und Projekten teilgenommen!","og_url":"https:\/\/tfc.bhakwien10.at\/en\/leitbild\/","og_site_name":"TFC - The Fair Company","article_modified_time":"2024-12-05T09:18:56+00:00","og_image":[{"url":"http:\/\/uefa.bhakwien10.at\/tfc\/wp-content\/uploads\/2021\/11\/vision.jpg","type":"","width":"","height":""}],"twitter_card":"summary_large_image","twitter_misc":{"Est. reading time":"2 minutes"},"schema":{"@context":"https:\/\/schema.org","@graph":[{"@type":"WebPage","@id":"https:\/\/tfc.bhakwien10.at\/leitbild\/","url":"https:\/\/tfc.bhakwien10.at\/leitbild\/","name":"Leitbild - TFC - The Fair Company","isPartOf":{"@id":"https:\/\/tfc.bhakwien10.at\/#website"},"primaryImageOfPage":{"@id":"https:\/\/tfc.bhakwien10.at\/leitbild\/#primaryimage"},"image":{"@id":"https:\/\/tfc.bhakwien10.at\/leitbild\/#primaryimage"},"thumbnailUrl":"https:\/\/tfc.bhakwien10.at\/wp-content\/uploads\/2021\/11\/vision.jpg","datePublished":"2023-04-19T09:06:35+00:00","dateModified":"2024-12-05T09:18:56+00:00","description":"Sch\u00fcler der BhakWien10 - Digital Business. Entwickle Projekte und pr\u00e4sentiere es auf meine Webseite. Bis jetzt habe ich an sehr vielen Wettbewerben und Projekten teilgenommen!","breadcrumb":{"@id":"https:\/\/tfc.bhakwien10.at\/leitbild\/#breadcrumb"},"inLanguage":"en-US","potentialAction":[{"@type":"ReadAction","target":["https:\/\/tfc.bhakwien10.at\/leitbild\/"]}]},{"@type":"ImageObject","inLanguage":"en-US","@id":"https:\/\/tfc.bhakwien10.at\/leitbild\/#primaryimage","url":"https:\/\/tfc.bhakwien10.at\/wp-content\/uploads\/2021\/11\/vision.jpg","contentUrl":"https:\/\/tfc.bhakwien10.at\/wp-content\/uploads\/2021\/11\/vision.jpg"},{"@type":"BreadcrumbList","@id":"https:\/\/tfc.bhakwien10.at\/leitbild\/#breadcrumb","itemListElement":[{"@type":"ListItem","position":1,"name":"Home","item":"https:\/\/tfc.bhakwien10.at\/"},{"@type":"ListItem","position":2,"name":"Leitbild"}]},{"@type":"WebSite","@id":"https:\/\/tfc.bhakwien10.at\/#website","url":"https:\/\/tfc.bhakwien10.at\/","name":"TFC - The Fair Company","description":"eine \u00dcbungsfirma der BHAK Wien10","publisher":{"@id":"https:\/\/tfc.bhakwien10.at\/#\/schema\/person\/5cb8fa697af6d33808159e9d7906b0b3"},"potentialAction":[{"@type":"SearchAction","target":{"@type":"EntryPoint","urlTemplate":"https:\/\/tfc.bhakwien10.at\/?s={search_term_string}"},"query-input":{"@type":"PropertyValueSpecification","valueRequired":true,"valueName":"search_term_string"}}],"inLanguage":"en-US"},{"@type":["Person","Organization"],"@id":"https:\/\/tfc.bhakwien10.at\/#\/schema\/person\/5cb8fa697af6d33808159e9d7906b0b3","name":"TFC-Admin","image":{"@type":"ImageObject","inLanguage":"en-US","@id":"https:\/\/secure.gravatar.com\/avatar\/e88abb8a9aa7b3ea623f6d7a03a34020950834c12ff10592a59cb1adce75b534?s=96&d=mm&r=g","url":"https:\/\/secure.gravatar.com\/avatar\/e88abb8a9aa7b3ea623f6d7a03a34020950834c12ff10592a59cb1adce75b534?s=96&d=mm&r=g","contentUrl":"https:\/\/secure.gravatar.com\/avatar\/e88abb8a9aa7b3ea623f6d7a03a34020950834c12ff10592a59cb1adce75b534?s=96&d=mm&r=g","caption":"TFC-Admin"},"logo":{"@id":"https:\/\/secure.gravatar.com\/avatar\/e88abb8a9aa7b3ea623f6d7a03a34020950834c12ff10592a59cb1adce75b534?s=96&d=mm&r=g"},"sameAs":["https:\/\/tfc.bhakwien10.at\/"]}]}},"builder_content":"<h2 style=\"text-align: center;\">Unser Leitbild<\/h2>\n\n<svg> <circle r=\"calc(50% - 1px)\" cx=\"50%\" cy=\"50%\" stroke-width=\"2\"\/> <circle r=\"calc(50% - 1px)\" cx=\"50%\" cy=\"50%\" stroke=\"#de5d5d\" stroke-width=\"2\" data-progress=\"100\" stroke-dasharray=\"0,10000\"\/> <\/svg> <img style=\"width:calc(100% - 4px);height:calc(100% - 4px)\" src=\"https:\/\/tfc.bhakwien10.at\/wp-content\/uploads\/2021\/11\/vision.jpg\" alt=\"Vision\"> <h3> Vision <\/h3> <p>\u00dcberall Fair-Trade! Wir m\u00f6chten das gr\u00f6\u00dfte nachhaltige Unternehmen \u00d6sterreichs werden, dass mit fairen Produkten handelt. Wir wollen ein Netzwerk von bewussten Konsumenten aufbauen und unsere Nachhaltigkeit in Zusammenhang mit Qualit\u00e4t verbreiten. Unser Zukunftsidealbild ist es, Partnerschaften im Inland sowie im Ausland aufgebaut zu haben.<\/p>\n<svg> <circle r=\"calc(50% - 1px)\" cx=\"50%\" cy=\"50%\" stroke-width=\"2\"\/> <circle r=\"calc(50% - 1px)\" cx=\"50%\" cy=\"50%\" stroke=\"#de5d5d\" stroke-width=\"2\" data-progress=\"100\" stroke-dasharray=\"0,10000\"\/> <\/svg> <img style=\"width:calc(100% - 4px);height:calc(100% - 4px)\" src=\"https:\/\/tfc.bhakwien10.at\/wp-content\/uploads\/2021\/11\/werte.jpg\" alt=\"Werte\"> <h3> Werte <\/h3> <p>Wir sind The Fair Company GmbH und handeln mit fair erzeugten Produkten. Wir legen sehr viel Wert auf ein qualitatives Preis-Leistungsverh\u00e4ltnis und setzen uns f\u00fcr Gerechtigkeit ein. Uns ist wichtig zu kennen, wie und wo unsere Produkte hergestellt werden. Fairness, Respekt und Vertrauen sind uns wichtig.<\/p> <p>Die Mitarbeiterzufriedenheit f\u00fchrt zur Zufriedenheit der Kunden, deshalb verst\u00e4rken wir sie durch regelm\u00e4\u00dfiges Teambuilding. In unserer \u00dcbungsfirma wird transparent, kollegial und offen gehandelt. Wir gehen mit Kritik konstruktiv um.<\/p>\n<svg> <circle r=\"calc(50% - 1px)\" cx=\"50%\" cy=\"50%\" stroke-width=\"2\"\/> <circle r=\"calc(50% - 1px)\" cx=\"50%\" cy=\"50%\" stroke=\"#de5d5d\" stroke-width=\"2\" data-progress=\"100\" stroke-dasharray=\"0,10000\"\/> <\/svg> <img style=\"width:calc(100% - 4px);height:calc(100% - 4px)\" src=\"https:\/\/tfc.bhakwien10.at\/wp-content\/uploads\/2021\/11\/nutzen.jpg\" alt=\"Nutzen\"> <h3> Nutzen <\/h3> <p>Unsere Mission ist es mit fairen Produkten unseren Gewinn zu maximieren. Wir wollen unseren Kunden vermitteln, dass qualitative G\u00fcter und fairer Handel viel mehr Profit einbringen. Wir erm\u00f6glichen Menschen in Entwicklungsl\u00e4ndern hochqualitative Produkte bzw. die notwendigen Rohmaterialien zu fairen Arbeitsbedingungen und gerechtem Lohn herzustellen.<\/p> <p>Wir erm\u00f6glichen unseren Kunden somit nicht nur sp\u00fcrbar hochwertige Produkte, sondern auch verantwortungsvolles Handeln. Dabei m\u00f6chten wir, all jene Dinge in die Praxis umsetzen, die wir theoretisch im Unterricht gelernt haben. Durch den \u00dcbungsfirmenbetrieb eignen wir uns F\u00e4higkeiten und Wissen an, welche wichtig f\u00fcr unsere berufliche Zukunft sind. Durch den ausreichenden Freiraum, f\u00f6rdern wir die Eigenverantwortung unserer Mitarbeiter.<\/p>\n<svg> <circle r=\"calc(50% - 1px)\" cx=\"50%\" cy=\"50%\" stroke-width=\"2\"\/> <circle r=\"calc(50% - 1px)\" cx=\"50%\" cy=\"50%\" stroke=\"#de5d5d\" stroke-width=\"2\" data-progress=\"100\" stroke-dasharray=\"0,10000\"\/> <\/svg> <img style=\"width:calc(100% - 4px);height:calc(100% - 4px)\" src=\"https:\/\/tfc.bhakwien10.at\/wp-content\/uploads\/2021\/11\/staerken.jpg\" alt=\"St\u00e4rken\"> <h3> St\u00e4rken <\/h3> <p>Unsere St\u00e4rken sind Verantwortungsbewusstsein, Effizienz und Verl\u00e4sslichkeit. Unsere Leistung beinhaltet den Verkauf von Food &amp; Non Food Produkten. Durch die hochwertige Produktion und gerecht leistbare Preise, werden sie an den Endkonsumenten verkauft. Durch die Kooperation mit dem Unternehmen Weltladen sichern wir die Qualit\u00e4t unserer Produkte.<\/p> <p>Unser Hauptaugenmerk liegt auf den Kunden, die einen nachhaltigen und umweltbewussten Lebensstil verfolgen. Unser Team besteht aus engagierten, zuverl\u00e4ssigen, hilfsbereiten und kompetenten MitarbeiterInnen, die von zwei Gesch\u00e4ftsf\u00fchrerinnen laufend betreut und begleitet werden. Wir legen gro\u00dfen Wert auf einen schonenden Umgang mit Ressourcen.<\/p>","_links":{"self":[{"href":"https:\/\/tfc.bhakwien10.at\/en\/wp-json\/wp\/v2\/pages\/905","targetHints":{"allow":["GET"]}}],"collection":[{"href":"https:\/\/tfc.bhakwien10.at\/en\/wp-json\/wp\/v2\/pages"}],"about":[{"href":"https:\/\/tfc.bhakwien10.at\/en\/wp-json\/wp\/v2\/types\/page"}],"author":[{"embeddable":true,"href":"https:\/\/tfc.bhakwien10.at\/en\/wp-json\/wp\/v2\/users\/1"}],"replies":[{"embeddable":true,"href":"https:\/\/tfc.bhakwien10.at\/en\/wp-json\/wp\/v2\/comments?post=905"}],"version-history":[{"count":14,"href":"https:\/\/tfc.bhakwien10.at\/en\/wp-json\/wp\/v2\/pages\/905\/revisions"}],"predecessor-version":[{"id":1177,"href":"https:\/\/tfc.bhakwien10.at\/en\/wp-json\/wp\/v2\/pages\/905\/revisions\/1177"}],"wp:attachment":[{"href":"https:\/\/tfc.bhakwien10.at\/en\/wp-json\/wp\/v2\/media?parent=905"}],"curies":[{"name":"wp","href":"https:\/\/api.w.org\/{rel}","templated":true}]}}