{"id":871,"date":"2023-04-19T10:45:23","date_gmt":"2023-04-19T08:45:23","guid":{"rendered":"https:\/\/tfc.bhakwien10.schulwebspace.at\/?page_id=871"},"modified":"2023-04-19T11:17:40","modified_gmt":"2023-04-19T09:17:40","slug":"datenschutz","status":"publish","type":"page","link":"https:\/\/tfc.bhakwien10.at\/en\/datenschutz\/","title":{"rendered":"Datenschutzerkl\u00e4rung"},"content":{"rendered":"<!--themify_builder_content-->\n<div id=\"themify_builder_content-871\" data-postid=\"871\" class=\"themify_builder_content themify_builder_content-871 themify_builder tf_clear\">\n    \t<!-- module_row -->\n\t<div  data-lazy=\"1\" class=\"module_row themify_builder_row tb_eap1329 tb_first clearfix\">\n\t    \t\t<div class=\"row_inner col_align_top tf_box tf_w tf_rel\">\n\t\t\t<div  data-lazy=\"1\" class=\"module_column tb-column col-full first tb_02u1330 tf_box\">\n\t    \t    \t        <div class=\"tb-column-inner tf_box tf_w\">\n\t\t    <!-- module text -->\n<div  class=\"module module-text tb_cnwu617   \" data-lazy=\"1\" data-lax=\"true\" data-lax-anchor=\"self\" data-lax-optimize=\"true\" data-lax-translate-y=\"(vh*1) 0,(vh*0) -140\" data-lax-v-speed=\"2\" data-lax-no-op=\"true\">\n            <div  class=\"tb_text_wrap\">\n    <h2><span class=\"ui-provider gp b c d e f g h i j k l m n o p q r s t u v w x y z ab ac ae af ag ah ai aj ak\" dir=\"ltr\">Datenschutzerkl\u00e4rung<\/span><\/h2>    <\/div>\n<\/div>\n<!-- \/module text --><!-- module divider -->\n<div  class=\"module tf_mw module-divider tb_0rd4966 solid   \" style=\"border-width: 1px;border-color: #000;\" data-lazy=\"1\" data-lax=\"true\" data-lax-anchor=\"self\" data-lax-optimize=\"true\" data-lax-translate-y=\"(vh*1) 0,(vh*0) -140\" data-lax-v-speed=\"2\" data-lax-no-op=\"true\">\n        <\/div>\n<!-- \/module divider -->\n<!-- module text -->\n<div  class=\"module module-text tb_ujhf714   \" data-lazy=\"1\" data-lax=\"true\" data-lax-anchor=\"self\" data-lax-optimize=\"true\" data-lax-translate-y=\"(vh*1) 0,(vh*0) -140\" data-lax-v-speed=\"2\" data-lax-no-op=\"true\">\n            <div  class=\"tb_text_wrap\">\n    <p><strong>Datenschutz<\/strong><\/p>\n<p>Sofern innerhalb des Internetangebotes die M\u00f6glichkeit zur Eingabe pers\u00f6nlicher oder gesch\u00e4ftlicher Daten (E-Mail-Adressen, Namen, Anschriften) besteht, so erfolgt die Preisgabe dieser Daten seitens des Nutzers auf ausdr\u00fccklich freiwilliger Basis. Die Inanspruchnahme und Bezahlung aller angebotenen Dienste ist &#8211; soweit technisch m\u00f6glich und zumutbar &#8211; auch ohne Angabe solcher Daten bzw. unter Angabe anonymisierter Daten oder eines Pseudonyms gestattet. Die Nutzung der im Rahmen des Impressums oder vergleichbarer Angaben ver\u00f6ffentlichten Kontaktdaten wie Postanschriften, Telefon- und Faxnummern sowie E-Mail-Adressen durch Dritte zur \u00dcbersendung von nicht ausdr\u00fccklich angeforderten Informationen ist nicht gestattet. Rechtliche Schritte gegen die Versender von so genannten Spam-Mails bei Verst\u00f6\u00dfen gegen dieses Verbot sind ausdr\u00fccklich vorbehalten.<\/p>\n<p><strong>Google Analytics<\/strong><\/p>\n<p>Diese Website benutzt Google Analytics, einen Webanalysedienst der Google Inc. (&#8222;Google&#8220;). Google Analytics verwendet sog. &#8222;Cookies&#8220;, Textdateien, die auf Ihrem Computer gespeichert werden und die eine Analyse der Benutzung der Website durch Sie erm\u00f6glichen. Die durch den Cookie erzeugten Informationen \u00fcber Ihre Benutzung dieser Website werden in der Regel an einen Server von Google in den USA \u00fcbertragen und dort gespeichert. Im Falle der Aktivierung der IP-Anonymisierung auf dieser Webseite, wird Ihre IP-Adresse von Google jedoch innerhalb von Mitgliedstaaten der Europ\u00e4ischen Union oder in anderen Vertragsstaaten des Abkommens \u00fcber den Europ\u00e4ischen Wirtschaftsraum zuvor gek\u00fcrzt. Nur in Ausnahmef\u00e4llen wird die volle IP-Adresse an einen Server von Google in den USA \u00fcbertragen und dort gek\u00fcrzt. Die IP-Anonymisierung ist auf dieser Website aktiv. Im Auftrag des Betreibers dieser Website wird Google diese Informationen benutzen, um Ihre Nutzung der Website auszuwerten, um Reports \u00fcber die Websiteaktivit\u00e4ten zusammenzustellen und um weitere mit der Websitenutzung und der Internetnutzung verbundene Dienstleistungen gegen\u00fcber dem Websitebetreiber zu erbringen. Die im Rahmen von Google Analytics von Ihrem Browser \u00fcbermittelte IP-Adresse wird nicht mit anderen Daten von Google zusammengef\u00fchrt. Sie k\u00f6nnen die Speicherung der Cookies durch eine entsprechende Einstellung Ihrer Browser-Software verhindern; wir weisen Sie jedoch darauf hin, dass Sie in diesem Fall gegebenenfalls nicht s\u00e4mtliche Funktionen dieser Website vollumf\u00e4nglich werden nutzen k\u00f6nnen. Sie k\u00f6nnen dar\u00fcber hinaus die Erfassung der durch das Cookie erzeugten und auf Ihre Nutzung der Website bezogenen Daten (inkl. Ihrer IP-Adresse) an Google sowie die Verarbeitung dieser Daten durch Google verhindern, indem Sie das unter dem folgenden Link verf\u00fcgbare Browser-Plugin herunterladen und installieren: <em>http:\/\/tools.google.com\/dlpage\/gaoptout?hl=de.<\/em><\/p>\n<p><strong>Social PlugIns<\/strong><\/p>\n<p>Auf dieser Website werden PlugIns des sozialen Netzwerk Facebook, Facebook Inc., Menlo Park, California, United States, in Form eines \u201eLike-Button\u201c und\/oder des sozialen Netzwerks Google Plus der Google Inc., 1600 Amphitheatre Parkway, Mountain View, CA 94043, United States, in Form eines \u201e+1-Button\u201c integriert. Das Plugin erm\u00f6glicht eine direkte Verbindung zwischen dem Browser des Nutzers und dem Facebook- bzw. Google-Server. Facebook bzw. Google ermitteln so Informationen (insbesondere Datum und Uhrzeit des Website-Aufrufs und sonstige browserbezogene Informationen) des Nutzers auf der Website. Wenn der Nutzer den Facebook \u201eLike-Button\u201c bzw. den Google \u201e+1-Button\u201c anklickt, w\u00e4hrend der Nutzer in seinem Facebook-Account bzw Google-Account eingeloggt ist, ist es Facebook bzw. Google weiters m\u00f6glich, den Besuch auf der Website dem Profil des Nutzers zuzuordnen. Weitergehende Informationen finden Sie hier [<em>http:\/\/www.facebook.com\/help\/186325668085084<\/em>] und hier [<em>http:\/\/www.google.com\/intl\/de\/+\/policy\/+1button.html<\/em>]. Mit Besuch der Website erkl\u00e4ren Sie sich mit einer derartigen Verwendung Ihrer Nutzer-Informationen ausdr\u00fccklich einverstanden.<\/p>\n<p><strong>Cookies<\/strong><\/p>\n<p>Bei Cookies handelt es sich um Dateien, die auf der lokalen Festplatte Ihres Computers angelegt werden. Sie erm\u00f6glichen ein besseres Nutzererlebnis, indem sie Daten zu den von Ihnen aufgerufenen Websites abspeichern. So erm\u00f6glichen Cookies etwa, die Ladezeit einer mehrmals besuchten Website deutlich zu k\u00fcrzen, oder Ihnen das erneute Eingeben von Daten zu erleichtern. Sie haben die M\u00f6glichkeit, das Speichern von Cookies auf Ihrem Rechner zu verhindern. Dazu w\u00e4hlen Sie in Ihren Browser-Einstellungen die Option \u201eKeine Cookies akzeptieren\u201c. Sie k\u00f6nnen in Ihren Browser-Einstellungen auch definieren, dass Sie die Speicherung der Daten jedes Mal explizit best\u00e4tigen m\u00fcssen. Des Weiteren k\u00f6nnen gespeicherte Cookies jederzeit gel\u00f6scht werden.<\/p>\n<p>Falls Sie keine Cookies akzeptieren, kann es zu Einschr\u00e4nkungen in der Funktion oder zu verz\u00f6gerter Ladezeit beim Aufruf dieser Website kommen.<\/p>    <\/div>\n<\/div>\n<!-- \/module text -->\t        <\/div>\n\t    \t<\/div>\n\t\t    <\/div>\n\t    <!-- \/row_inner -->\n\t<\/div>\n\t<!-- \/module_row -->\n\t<\/div>\n<!--\/themify_builder_content-->","protected":false},"excerpt":{"rendered":"<p>Datenschutzerkl\u00e4rung<\/p>","protected":false},"author":1,"featured_media":0,"parent":0,"menu_order":0,"comment_status":"closed","ping_status":"closed","template":"","meta":{"footnotes":""},"class_list":["post-871","page","type-page","status-publish","hentry","has-post-title","has-post-date","has-post-category","has-post-tag","has-post-comment","has-post-author",""],"yoast_head":"<!-- This site is optimized with the Yoast SEO plugin v27.5 - https:\/\/yoast.com\/product\/yoast-seo-wordpress\/ -->\n<title>Datenschutzerkl\u00e4rung - TFC - The Fair Company<\/title>\n<meta name=\"description\" content=\"Sch\u00fcler der BhakWien10 - Digital Business. Entwickle Projekte und pr\u00e4sentiere es auf meine Webseite. Bis jetzt habe ich an sehr vielen Wettbewerben und Projekten teilgenommen!\" \/>\n<meta name=\"robots\" content=\"index, follow, max-snippet:-1, max-image-preview:large, max-video-preview:-1\" \/>\n<link rel=\"canonical\" href=\"https:\/\/tfc.bhakwien10.at\/en\/datenschutz\/\" \/>\n<meta property=\"og:locale\" content=\"en_US\" \/>\n<meta property=\"og:type\" content=\"article\" \/>\n<meta property=\"og:title\" content=\"Datenschutzerkl\u00e4rung - TFC - The Fair Company\" \/>\n<meta property=\"og:description\" content=\"Sch\u00fcler der BhakWien10 - Digital Business. Entwickle Projekte und pr\u00e4sentiere es auf meine Webseite. Bis jetzt habe ich an sehr vielen Wettbewerben und Projekten teilgenommen!\" \/>\n<meta property=\"og:url\" content=\"https:\/\/tfc.bhakwien10.at\/en\/datenschutz\/\" \/>\n<meta property=\"og:site_name\" content=\"TFC - The Fair Company\" \/>\n<meta property=\"article:modified_time\" content=\"2023-04-19T09:17:40+00:00\" \/>\n<meta name=\"twitter:card\" content=\"summary_large_image\" \/>\n<script type=\"application\/ld+json\" class=\"yoast-schema-graph\">{\"@context\":\"https:\\\/\\\/schema.org\",\"@graph\":[{\"@type\":\"WebPage\",\"@id\":\"https:\\\/\\\/tfc.bhakwien10.at\\\/datenschutz\\\/\",\"url\":\"https:\\\/\\\/tfc.bhakwien10.at\\\/datenschutz\\\/\",\"name\":\"Datenschutzerkl\u00e4rung - TFC - The Fair Company\",\"isPartOf\":{\"@id\":\"https:\\\/\\\/tfc.bhakwien10.at\\\/#website\"},\"datePublished\":\"2023-04-19T08:45:23+00:00\",\"dateModified\":\"2023-04-19T09:17:40+00:00\",\"description\":\"Sch\u00fcler der BhakWien10 - Digital Business. Entwickle Projekte und pr\u00e4sentiere es auf meine Webseite. Bis jetzt habe ich an sehr vielen Wettbewerben und Projekten teilgenommen!\",\"breadcrumb\":{\"@id\":\"https:\\\/\\\/tfc.bhakwien10.at\\\/datenschutz\\\/#breadcrumb\"},\"inLanguage\":\"en-US\",\"potentialAction\":[{\"@type\":\"ReadAction\",\"target\":[\"https:\\\/\\\/tfc.bhakwien10.at\\\/datenschutz\\\/\"]}]},{\"@type\":\"BreadcrumbList\",\"@id\":\"https:\\\/\\\/tfc.bhakwien10.at\\\/datenschutz\\\/#breadcrumb\",\"itemListElement\":[{\"@type\":\"ListItem\",\"position\":1,\"name\":\"Home\",\"item\":\"https:\\\/\\\/tfc.bhakwien10.at\\\/\"},{\"@type\":\"ListItem\",\"position\":2,\"name\":\"Datenschutzerkl\u00e4rung\"}]},{\"@type\":\"WebSite\",\"@id\":\"https:\\\/\\\/tfc.bhakwien10.at\\\/#website\",\"url\":\"https:\\\/\\\/tfc.bhakwien10.at\\\/\",\"name\":\"TFC - The Fair Company\",\"description\":\"eine \u00dcbungsfirma der BHAK Wien10\",\"publisher\":{\"@id\":\"https:\\\/\\\/tfc.bhakwien10.at\\\/#\\\/schema\\\/person\\\/5cb8fa697af6d33808159e9d7906b0b3\"},\"potentialAction\":[{\"@type\":\"SearchAction\",\"target\":{\"@type\":\"EntryPoint\",\"urlTemplate\":\"https:\\\/\\\/tfc.bhakwien10.at\\\/?s={search_term_string}\"},\"query-input\":{\"@type\":\"PropertyValueSpecification\",\"valueRequired\":true,\"valueName\":\"search_term_string\"}}],\"inLanguage\":\"en-US\"},{\"@type\":[\"Person\",\"Organization\"],\"@id\":\"https:\\\/\\\/tfc.bhakwien10.at\\\/#\\\/schema\\\/person\\\/5cb8fa697af6d33808159e9d7906b0b3\",\"name\":\"TFC-Admin\",\"image\":{\"@type\":\"ImageObject\",\"inLanguage\":\"en-US\",\"@id\":\"https:\\\/\\\/secure.gravatar.com\\\/avatar\\\/e88abb8a9aa7b3ea623f6d7a03a34020950834c12ff10592a59cb1adce75b534?s=96&d=mm&r=g\",\"url\":\"https:\\\/\\\/secure.gravatar.com\\\/avatar\\\/e88abb8a9aa7b3ea623f6d7a03a34020950834c12ff10592a59cb1adce75b534?s=96&d=mm&r=g\",\"contentUrl\":\"https:\\\/\\\/secure.gravatar.com\\\/avatar\\\/e88abb8a9aa7b3ea623f6d7a03a34020950834c12ff10592a59cb1adce75b534?s=96&d=mm&r=g\",\"caption\":\"TFC-Admin\"},\"logo\":{\"@id\":\"https:\\\/\\\/secure.gravatar.com\\\/avatar\\\/e88abb8a9aa7b3ea623f6d7a03a34020950834c12ff10592a59cb1adce75b534?s=96&d=mm&r=g\"},\"sameAs\":[\"https:\\\/\\\/tfc.bhakwien10.at\\\/\"]}]}<\/script>\n<!-- \/ Yoast SEO plugin. -->","yoast_head_json":{"title":"Datenschutzerkl\u00e4rung - TFC - The Fair Company","description":"Sch\u00fcler der BhakWien10 - Digital Business. Entwickle Projekte und pr\u00e4sentiere es auf meine Webseite. Bis jetzt habe ich an sehr vielen Wettbewerben und Projekten teilgenommen!","robots":{"index":"index","follow":"follow","max-snippet":"max-snippet:-1","max-image-preview":"max-image-preview:large","max-video-preview":"max-video-preview:-1"},"canonical":"https:\/\/tfc.bhakwien10.at\/en\/datenschutz\/","og_locale":"en_US","og_type":"article","og_title":"Datenschutzerkl\u00e4rung - TFC - The Fair Company","og_description":"Sch\u00fcler der BhakWien10 - Digital Business. Entwickle Projekte und pr\u00e4sentiere es auf meine Webseite. Bis jetzt habe ich an sehr vielen Wettbewerben und Projekten teilgenommen!","og_url":"https:\/\/tfc.bhakwien10.at\/en\/datenschutz\/","og_site_name":"TFC - The Fair Company","article_modified_time":"2023-04-19T09:17:40+00:00","twitter_card":"summary_large_image","schema":{"@context":"https:\/\/schema.org","@graph":[{"@type":"WebPage","@id":"https:\/\/tfc.bhakwien10.at\/datenschutz\/","url":"https:\/\/tfc.bhakwien10.at\/datenschutz\/","name":"Datenschutzerkl\u00e4rung - TFC - The Fair Company","isPartOf":{"@id":"https:\/\/tfc.bhakwien10.at\/#website"},"datePublished":"2023-04-19T08:45:23+00:00","dateModified":"2023-04-19T09:17:40+00:00","description":"Sch\u00fcler der BhakWien10 - Digital Business. Entwickle Projekte und pr\u00e4sentiere es auf meine Webseite. Bis jetzt habe ich an sehr vielen Wettbewerben und Projekten teilgenommen!","breadcrumb":{"@id":"https:\/\/tfc.bhakwien10.at\/datenschutz\/#breadcrumb"},"inLanguage":"en-US","potentialAction":[{"@type":"ReadAction","target":["https:\/\/tfc.bhakwien10.at\/datenschutz\/"]}]},{"@type":"BreadcrumbList","@id":"https:\/\/tfc.bhakwien10.at\/datenschutz\/#breadcrumb","itemListElement":[{"@type":"ListItem","position":1,"name":"Home","item":"https:\/\/tfc.bhakwien10.at\/"},{"@type":"ListItem","position":2,"name":"Datenschutzerkl\u00e4rung"}]},{"@type":"WebSite","@id":"https:\/\/tfc.bhakwien10.at\/#website","url":"https:\/\/tfc.bhakwien10.at\/","name":"TFC - The Fair Company","description":"eine \u00dcbungsfirma der BHAK Wien10","publisher":{"@id":"https:\/\/tfc.bhakwien10.at\/#\/schema\/person\/5cb8fa697af6d33808159e9d7906b0b3"},"potentialAction":[{"@type":"SearchAction","target":{"@type":"EntryPoint","urlTemplate":"https:\/\/tfc.bhakwien10.at\/?s={search_term_string}"},"query-input":{"@type":"PropertyValueSpecification","valueRequired":true,"valueName":"search_term_string"}}],"inLanguage":"en-US"},{"@type":["Person","Organization"],"@id":"https:\/\/tfc.bhakwien10.at\/#\/schema\/person\/5cb8fa697af6d33808159e9d7906b0b3","name":"TFC-Admin","image":{"@type":"ImageObject","inLanguage":"en-US","@id":"https:\/\/secure.gravatar.com\/avatar\/e88abb8a9aa7b3ea623f6d7a03a34020950834c12ff10592a59cb1adce75b534?s=96&d=mm&r=g","url":"https:\/\/secure.gravatar.com\/avatar\/e88abb8a9aa7b3ea623f6d7a03a34020950834c12ff10592a59cb1adce75b534?s=96&d=mm&r=g","contentUrl":"https:\/\/secure.gravatar.com\/avatar\/e88abb8a9aa7b3ea623f6d7a03a34020950834c12ff10592a59cb1adce75b534?s=96&d=mm&r=g","caption":"TFC-Admin"},"logo":{"@id":"https:\/\/secure.gravatar.com\/avatar\/e88abb8a9aa7b3ea623f6d7a03a34020950834c12ff10592a59cb1adce75b534?s=96&d=mm&r=g"},"sameAs":["https:\/\/tfc.bhakwien10.at\/"]}]}},"builder_content":"<h2>Datenschutzerkl\u00e4rung<\/h2>\n\n<p><strong>Datenschutz<\/strong><\/p> <p>Sofern innerhalb des Internetangebotes die M\u00f6glichkeit zur Eingabe pers\u00f6nlicher oder gesch\u00e4ftlicher Daten (E-Mail-Adressen, Namen, Anschriften) besteht, so erfolgt die Preisgabe dieser Daten seitens des Nutzers auf ausdr\u00fccklich freiwilliger Basis. Die Inanspruchnahme und Bezahlung aller angebotenen Dienste ist - soweit technisch m\u00f6glich und zumutbar - auch ohne Angabe solcher Daten bzw. unter Angabe anonymisierter Daten oder eines Pseudonyms gestattet. Die Nutzung der im Rahmen des Impressums oder vergleichbarer Angaben ver\u00f6ffentlichten Kontaktdaten wie Postanschriften, Telefon- und Faxnummern sowie E-Mail-Adressen durch Dritte zur \u00dcbersendung von nicht ausdr\u00fccklich angeforderten Informationen ist nicht gestattet. Rechtliche Schritte gegen die Versender von so genannten Spam-Mails bei Verst\u00f6\u00dfen gegen dieses Verbot sind ausdr\u00fccklich vorbehalten.<\/p> <p><strong>Google Analytics<\/strong><\/p> <p>Diese Website benutzt Google Analytics, einen Webanalysedienst der Google Inc. (\"Google\"). Google Analytics verwendet sog. \"Cookies\", Textdateien, die auf Ihrem Computer gespeichert werden und die eine Analyse der Benutzung der Website durch Sie erm\u00f6glichen. Die durch den Cookie erzeugten Informationen \u00fcber Ihre Benutzung dieser Website werden in der Regel an einen Server von Google in den USA \u00fcbertragen und dort gespeichert. Im Falle der Aktivierung der IP-Anonymisierung auf dieser Webseite, wird Ihre IP-Adresse von Google jedoch innerhalb von Mitgliedstaaten der Europ\u00e4ischen Union oder in anderen Vertragsstaaten des Abkommens \u00fcber den Europ\u00e4ischen Wirtschaftsraum zuvor gek\u00fcrzt. Nur in Ausnahmef\u00e4llen wird die volle IP-Adresse an einen Server von Google in den USA \u00fcbertragen und dort gek\u00fcrzt. Die IP-Anonymisierung ist auf dieser Website aktiv. Im Auftrag des Betreibers dieser Website wird Google diese Informationen benutzen, um Ihre Nutzung der Website auszuwerten, um Reports \u00fcber die Websiteaktivit\u00e4ten zusammenzustellen und um weitere mit der Websitenutzung und der Internetnutzung verbundene Dienstleistungen gegen\u00fcber dem Websitebetreiber zu erbringen. Die im Rahmen von Google Analytics von Ihrem Browser \u00fcbermittelte IP-Adresse wird nicht mit anderen Daten von Google zusammengef\u00fchrt. Sie k\u00f6nnen die Speicherung der Cookies durch eine entsprechende Einstellung Ihrer Browser-Software verhindern; wir weisen Sie jedoch darauf hin, dass Sie in diesem Fall gegebenenfalls nicht s\u00e4mtliche Funktionen dieser Website vollumf\u00e4nglich werden nutzen k\u00f6nnen. Sie k\u00f6nnen dar\u00fcber hinaus die Erfassung der durch das Cookie erzeugten und auf Ihre Nutzung der Website bezogenen Daten (inkl. Ihrer IP-Adresse) an Google sowie die Verarbeitung dieser Daten durch Google verhindern, indem Sie das unter dem folgenden Link verf\u00fcgbare Browser-Plugin herunterladen und installieren: <em>http:\/\/tools.google.com\/dlpage\/gaoptout?hl=de.<\/em><\/p> <p><strong>Social PlugIns<\/strong><\/p> <p>Auf dieser Website werden PlugIns des sozialen Netzwerk Facebook, Facebook Inc., Menlo Park, California, United States, in Form eines \u201eLike-Button\u201c und\/oder des sozialen Netzwerks Google Plus der Google Inc., 1600 Amphitheatre Parkway, Mountain View, CA 94043, United States, in Form eines \u201e+1-Button\u201c integriert. Das Plugin erm\u00f6glicht eine direkte Verbindung zwischen dem Browser des Nutzers und dem Facebook- bzw. Google-Server. Facebook bzw. Google ermitteln so Informationen (insbesondere Datum und Uhrzeit des Website-Aufrufs und sonstige browserbezogene Informationen) des Nutzers auf der Website. Wenn der Nutzer den Facebook \u201eLike-Button\u201c bzw. den Google \u201e+1-Button\u201c anklickt, w\u00e4hrend der Nutzer in seinem Facebook-Account bzw Google-Account eingeloggt ist, ist es Facebook bzw. Google weiters m\u00f6glich, den Besuch auf der Website dem Profil des Nutzers zuzuordnen. Weitergehende Informationen finden Sie hier [<em>http:\/\/www.facebook.com\/help\/186325668085084<\/em>] und hier [<em>http:\/\/www.google.com\/intl\/de\/+\/policy\/+1button.html<\/em>]. Mit Besuch der Website erkl\u00e4ren Sie sich mit einer derartigen Verwendung Ihrer Nutzer-Informationen ausdr\u00fccklich einverstanden.<\/p> <p><strong>Cookies<\/strong><\/p> <p>Bei Cookies handelt es sich um Dateien, die auf der lokalen Festplatte Ihres Computers angelegt werden. Sie erm\u00f6glichen ein besseres Nutzererlebnis, indem sie Daten zu den von Ihnen aufgerufenen Websites abspeichern. So erm\u00f6glichen Cookies etwa, die Ladezeit einer mehrmals besuchten Website deutlich zu k\u00fcrzen, oder Ihnen das erneute Eingeben von Daten zu erleichtern. Sie haben die M\u00f6glichkeit, das Speichern von Cookies auf Ihrem Rechner zu verhindern. Dazu w\u00e4hlen Sie in Ihren Browser-Einstellungen die Option \u201eKeine Cookies akzeptieren\u201c. Sie k\u00f6nnen in Ihren Browser-Einstellungen auch definieren, dass Sie die Speicherung der Daten jedes Mal explizit best\u00e4tigen m\u00fcssen. Des Weiteren k\u00f6nnen gespeicherte Cookies jederzeit gel\u00f6scht werden.<\/p> <p>Falls Sie keine Cookies akzeptieren, kann es zu Einschr\u00e4nkungen in der Funktion oder zu verz\u00f6gerter Ladezeit beim Aufruf dieser Website kommen.<\/p>","_links":{"self":[{"href":"https:\/\/tfc.bhakwien10.at\/en\/wp-json\/wp\/v2\/pages\/871","targetHints":{"allow":["GET"]}}],"collection":[{"href":"https:\/\/tfc.bhakwien10.at\/en\/wp-json\/wp\/v2\/pages"}],"about":[{"href":"https:\/\/tfc.bhakwien10.at\/en\/wp-json\/wp\/v2\/types\/page"}],"author":[{"embeddable":true,"href":"https:\/\/tfc.bhakwien10.at\/en\/wp-json\/wp\/v2\/users\/1"}],"replies":[{"embeddable":true,"href":"https:\/\/tfc.bhakwien10.at\/en\/wp-json\/wp\/v2\/comments?post=871"}],"version-history":[{"count":22,"href":"https:\/\/tfc.bhakwien10.at\/en\/wp-json\/wp\/v2\/pages\/871\/revisions"}],"predecessor-version":[{"id":935,"href":"https:\/\/tfc.bhakwien10.at\/en\/wp-json\/wp\/v2\/pages\/871\/revisions\/935"}],"wp:attachment":[{"href":"https:\/\/tfc.bhakwien10.at\/en\/wp-json\/wp\/v2\/media?parent=871"}],"curies":[{"name":"wp","href":"https:\/\/api.w.org\/{rel}","templated":true}]}}