{"id":865,"date":"2023-04-19T10:49:22","date_gmt":"2023-04-19T08:49:22","guid":{"rendered":"https:\/\/tfc.bhakwien10.schulwebspace.at\/?page_id=865"},"modified":"2024-06-03T09:04:42","modified_gmt":"2024-06-03T07:04:42","slug":"agb","status":"publish","type":"page","link":"https:\/\/tfc.bhakwien10.at\/en\/agb\/","title":{"rendered":"AGB"},"content":{"rendered":"<!--themify_builder_content-->\n<div id=\"themify_builder_content-865\" data-postid=\"865\" class=\"themify_builder_content themify_builder_content-865 themify_builder tf_clear\">\n    \t<!-- module_row -->\n\t<div  data-lazy=\"1\" class=\"module_row themify_builder_row tb_vg1u765 tb_first clearfix\">\n\t    \t\t<div class=\"row_inner col_align_top tf_box tf_w tf_rel\">\n\t\t\t<div  data-lazy=\"1\" class=\"module_column tb-column col-full first tb_rao5765 tf_box\">\n\t    \t    \t        <div class=\"tb-column-inner tf_box tf_w\">\n\t\t    <!-- module text -->\n<div  class=\"module module-text tb_o0t6798\" data-lazy=\"1\" data-lax=\"true\" data-lax-anchor=\"self\" data-lax-optimize=\"true\" data-lax-translate-y=\"(vh*1) 0,(vh*0) -140\" data-lax-v-speed=\"2\" data-lax-no-op=\"true\">\n            <div  class=\"tb_text_wrap\">\n    <h2>AGB &#8211; Allgemeine Gesch\u00e4ftsbedingungen<\/h2>    <\/div>\n<\/div>\n<!-- \/module text --><!-- module divider -->\n<div  class=\"module tf_mw module-divider tb_se6x404 solid\" style=\"border-width: 1px;border-color: #000;\" data-lazy=\"1\" data-lax=\"true\" data-lax-anchor=\"self\" data-lax-optimize=\"true\" data-lax-translate-y=\"(vh*1) 0,(vh*0) -140\" data-lax-v-speed=\"2\" data-lax-no-op=\"true\">\n        <\/div>\n<!-- \/module divider -->\n<!-- module text -->\n<div  class=\"module module-text tb_vhxg497\" data-lazy=\"1\" data-lax=\"true\" data-lax-anchor=\"self\" data-lax-optimize=\"true\" data-lax-translate-y=\"(vh*1) 0,(vh*0) -140\" data-lax-v-speed=\"2\" data-lax-no-op=\"true\">\n            <div  class=\"tb_text_wrap\">\n    <p><b>Preise<\/b><\/p>\n<p>Die angef\u00fchrten Preise sind Bruttopreise in Euro inkl. 20% Ust (Non-Food Produkte, Kaffee und Gr\u00fcntee) und 10% Ust (Foodprodukte und Fr\u00fcchtetee). Mit der Herausgabe einer neuen Preisliste werden s\u00e4mtliche fr\u00fcher genannten Preise ung\u00fcltig.<\/p>\n<p><b>Zahlungsbedingungen<\/b><\/p>\n<p>Unsere Rechnungen sind ab Ausstellungsdatum innerhalb von 14 Tagen abz\u00fcglich 2% Skonto oder nach 30 Tagen netto zahlbar. Bitte geben Sie bei der Bezahlung Datum und Nummer der Faktura an. Bei \u00dcberschreitung des Zahlungstermins werden 14% Verzugszinsen und \u20ac 15,00 Mahnspesen berechnet. K\u00f6nnen Sie die genannten Termine nicht einhalten, rufen Sie uns bitte an, damit wir einen pers\u00f6nlichen Zahlungsplan f\u00fcr erstellen.<\/p>\n<p><b>Liefertermin<\/b><\/p>\n<p>Zugesagte Liefertermine gelten unter der Voraussetzung eines normalen Betriebsablaufs. Teillieferungen behalten wir uns vor. Die Waren werden auf dem Postweg an unsere Kunden gesandt. Waren, die auf schnellstem Weg zum Empf\u00e4nger gelangen sollen, werden mit unserem Express-Lieferservice transportiert. Bei diesem schnellen Service berechnen wir pro Lieferung zus\u00e4tzlich \u20ac 11,00.<\/p>\n<p><b>Versand<\/b><\/p>\n<p>Wir verpacken unsere Waren nur in umweltfreundlichem Recyclingpapier bzw. Karton. Die Lieferung erfolgt per Post. Die Versandkosten betragen \u20ac 5,00 je Bestellung, ab einem Bestellwert von \u20ac 50,00 liefern wir frei Haus.<\/p>\n<p><b>Bestellservice<\/b><\/p>\n<p>Sie haben die M\u00f6glichkeit, eine Bestellung mittels Bestellschein durchzuf\u00fchren. Weiteres k\u00f6nnen Sie unsere schnelle Telefonbestellung in Anspruch nehmen, per E-Mail Ihre Bestellung \u00fcbermitteln oder auch in unserem Webshop den Bestellservice nutzen.<\/p>    <\/div>\n<\/div>\n<!-- \/module text -->\t        <\/div>\n\t    \t<\/div>\n\t\t    <\/div>\n\t    <!-- \/row_inner -->\n\t<\/div>\n\t<!-- \/module_row -->\n\t<\/div>\n<!--\/themify_builder_content-->","protected":false},"excerpt":{"rendered":"<p>AGB &#8211; Allgemeine Gesch\u00e4ftsbedingungen Preise Die angef\u00fchrten Preise sind Bruttopreise in Euro inkl. 20% Ust (Non-Food Produkte, Kaffee und Gr\u00fcntee) und 10% Ust (Foodprodukte und Fr\u00fcchtetee). Mit der Herausgabe einer neuen Preisliste werden s\u00e4mtliche fr\u00fcher genannten Preise ung\u00fcltig. Zahlungsbedingungen Unsere Rechnungen sind ab Ausstellungsdatum innerhalb von 14 Tagen abz\u00fcglich 2% Skonto oder nach 30 Tagen [&hellip;]<\/p>\n","protected":false},"author":1,"featured_media":0,"parent":0,"menu_order":0,"comment_status":"closed","ping_status":"closed","template":"","meta":{"footnotes":""},"class_list":["post-865","page","type-page","status-publish","hentry","has-post-title","has-post-date","has-post-category","has-post-tag","has-post-comment","has-post-author",""],"yoast_head":"<!-- This site is optimized with the Yoast SEO plugin v27.5 - https:\/\/yoast.com\/product\/yoast-seo-wordpress\/ -->\n<title>AGB - TFC - The Fair Company<\/title>\n<meta name=\"description\" content=\"Sch\u00fcler der BhakWien10 - Digital Business. Entwickle Projekte und pr\u00e4sentiere es auf meine Webseite. Bis jetzt habe ich an sehr vielen Wettbewerben und Projekten teilgenommen!\" \/>\n<meta name=\"robots\" content=\"index, follow, max-snippet:-1, max-image-preview:large, max-video-preview:-1\" \/>\n<link rel=\"canonical\" href=\"https:\/\/tfc.bhakwien10.at\/en\/agb\/\" \/>\n<meta property=\"og:locale\" content=\"en_US\" \/>\n<meta property=\"og:type\" content=\"article\" \/>\n<meta property=\"og:title\" content=\"AGB - TFC - The Fair Company\" \/>\n<meta property=\"og:description\" content=\"Sch\u00fcler der BhakWien10 - Digital Business. Entwickle Projekte und pr\u00e4sentiere es auf meine Webseite. Bis jetzt habe ich an sehr vielen Wettbewerben und Projekten teilgenommen!\" \/>\n<meta property=\"og:url\" content=\"https:\/\/tfc.bhakwien10.at\/en\/agb\/\" \/>\n<meta property=\"og:site_name\" content=\"TFC - The Fair Company\" \/>\n<meta property=\"article:modified_time\" content=\"2024-06-03T07:04:42+00:00\" \/>\n<meta name=\"twitter:card\" content=\"summary_large_image\" \/>\n<meta name=\"twitter:label1\" content=\"Est. reading time\" \/>\n\t<meta name=\"twitter:data1\" content=\"1 minute\" \/>\n<script type=\"application\/ld+json\" class=\"yoast-schema-graph\">{\"@context\":\"https:\\\/\\\/schema.org\",\"@graph\":[{\"@type\":\"WebPage\",\"@id\":\"https:\\\/\\\/tfc.bhakwien10.at\\\/agb\\\/\",\"url\":\"https:\\\/\\\/tfc.bhakwien10.at\\\/agb\\\/\",\"name\":\"AGB - TFC - The Fair Company\",\"isPartOf\":{\"@id\":\"https:\\\/\\\/tfc.bhakwien10.at\\\/#website\"},\"datePublished\":\"2023-04-19T08:49:22+00:00\",\"dateModified\":\"2024-06-03T07:04:42+00:00\",\"description\":\"Sch\u00fcler der BhakWien10 - Digital Business. Entwickle Projekte und pr\u00e4sentiere es auf meine Webseite. Bis jetzt habe ich an sehr vielen Wettbewerben und Projekten teilgenommen!\",\"breadcrumb\":{\"@id\":\"https:\\\/\\\/tfc.bhakwien10.at\\\/agb\\\/#breadcrumb\"},\"inLanguage\":\"en-US\",\"potentialAction\":[{\"@type\":\"ReadAction\",\"target\":[\"https:\\\/\\\/tfc.bhakwien10.at\\\/agb\\\/\"]}]},{\"@type\":\"BreadcrumbList\",\"@id\":\"https:\\\/\\\/tfc.bhakwien10.at\\\/agb\\\/#breadcrumb\",\"itemListElement\":[{\"@type\":\"ListItem\",\"position\":1,\"name\":\"Home\",\"item\":\"https:\\\/\\\/tfc.bhakwien10.at\\\/\"},{\"@type\":\"ListItem\",\"position\":2,\"name\":\"AGB\"}]},{\"@type\":\"WebSite\",\"@id\":\"https:\\\/\\\/tfc.bhakwien10.at\\\/#website\",\"url\":\"https:\\\/\\\/tfc.bhakwien10.at\\\/\",\"name\":\"TFC - The Fair Company\",\"description\":\"eine \u00dcbungsfirma der BHAK Wien10\",\"publisher\":{\"@id\":\"https:\\\/\\\/tfc.bhakwien10.at\\\/#\\\/schema\\\/person\\\/5cb8fa697af6d33808159e9d7906b0b3\"},\"potentialAction\":[{\"@type\":\"SearchAction\",\"target\":{\"@type\":\"EntryPoint\",\"urlTemplate\":\"https:\\\/\\\/tfc.bhakwien10.at\\\/?s={search_term_string}\"},\"query-input\":{\"@type\":\"PropertyValueSpecification\",\"valueRequired\":true,\"valueName\":\"search_term_string\"}}],\"inLanguage\":\"en-US\"},{\"@type\":[\"Person\",\"Organization\"],\"@id\":\"https:\\\/\\\/tfc.bhakwien10.at\\\/#\\\/schema\\\/person\\\/5cb8fa697af6d33808159e9d7906b0b3\",\"name\":\"TFC-Admin\",\"image\":{\"@type\":\"ImageObject\",\"inLanguage\":\"en-US\",\"@id\":\"https:\\\/\\\/secure.gravatar.com\\\/avatar\\\/e88abb8a9aa7b3ea623f6d7a03a34020950834c12ff10592a59cb1adce75b534?s=96&d=mm&r=g\",\"url\":\"https:\\\/\\\/secure.gravatar.com\\\/avatar\\\/e88abb8a9aa7b3ea623f6d7a03a34020950834c12ff10592a59cb1adce75b534?s=96&d=mm&r=g\",\"contentUrl\":\"https:\\\/\\\/secure.gravatar.com\\\/avatar\\\/e88abb8a9aa7b3ea623f6d7a03a34020950834c12ff10592a59cb1adce75b534?s=96&d=mm&r=g\",\"caption\":\"TFC-Admin\"},\"logo\":{\"@id\":\"https:\\\/\\\/secure.gravatar.com\\\/avatar\\\/e88abb8a9aa7b3ea623f6d7a03a34020950834c12ff10592a59cb1adce75b534?s=96&d=mm&r=g\"},\"sameAs\":[\"https:\\\/\\\/tfc.bhakwien10.at\\\/\"]}]}<\/script>\n<!-- \/ Yoast SEO plugin. -->","yoast_head_json":{"title":"AGB - TFC - The Fair Company","description":"Sch\u00fcler der BhakWien10 - Digital Business. Entwickle Projekte und pr\u00e4sentiere es auf meine Webseite. Bis jetzt habe ich an sehr vielen Wettbewerben und Projekten teilgenommen!","robots":{"index":"index","follow":"follow","max-snippet":"max-snippet:-1","max-image-preview":"max-image-preview:large","max-video-preview":"max-video-preview:-1"},"canonical":"https:\/\/tfc.bhakwien10.at\/en\/agb\/","og_locale":"en_US","og_type":"article","og_title":"AGB - TFC - The Fair Company","og_description":"Sch\u00fcler der BhakWien10 - Digital Business. Entwickle Projekte und pr\u00e4sentiere es auf meine Webseite. Bis jetzt habe ich an sehr vielen Wettbewerben und Projekten teilgenommen!","og_url":"https:\/\/tfc.bhakwien10.at\/en\/agb\/","og_site_name":"TFC - The Fair Company","article_modified_time":"2024-06-03T07:04:42+00:00","twitter_card":"summary_large_image","twitter_misc":{"Est. reading time":"1 minute"},"schema":{"@context":"https:\/\/schema.org","@graph":[{"@type":"WebPage","@id":"https:\/\/tfc.bhakwien10.at\/agb\/","url":"https:\/\/tfc.bhakwien10.at\/agb\/","name":"AGB - TFC - The Fair Company","isPartOf":{"@id":"https:\/\/tfc.bhakwien10.at\/#website"},"datePublished":"2023-04-19T08:49:22+00:00","dateModified":"2024-06-03T07:04:42+00:00","description":"Sch\u00fcler der BhakWien10 - Digital Business. Entwickle Projekte und pr\u00e4sentiere es auf meine Webseite. Bis jetzt habe ich an sehr vielen Wettbewerben und Projekten teilgenommen!","breadcrumb":{"@id":"https:\/\/tfc.bhakwien10.at\/agb\/#breadcrumb"},"inLanguage":"en-US","potentialAction":[{"@type":"ReadAction","target":["https:\/\/tfc.bhakwien10.at\/agb\/"]}]},{"@type":"BreadcrumbList","@id":"https:\/\/tfc.bhakwien10.at\/agb\/#breadcrumb","itemListElement":[{"@type":"ListItem","position":1,"name":"Home","item":"https:\/\/tfc.bhakwien10.at\/"},{"@type":"ListItem","position":2,"name":"AGB"}]},{"@type":"WebSite","@id":"https:\/\/tfc.bhakwien10.at\/#website","url":"https:\/\/tfc.bhakwien10.at\/","name":"TFC - The Fair Company","description":"eine \u00dcbungsfirma der BHAK Wien10","publisher":{"@id":"https:\/\/tfc.bhakwien10.at\/#\/schema\/person\/5cb8fa697af6d33808159e9d7906b0b3"},"potentialAction":[{"@type":"SearchAction","target":{"@type":"EntryPoint","urlTemplate":"https:\/\/tfc.bhakwien10.at\/?s={search_term_string}"},"query-input":{"@type":"PropertyValueSpecification","valueRequired":true,"valueName":"search_term_string"}}],"inLanguage":"en-US"},{"@type":["Person","Organization"],"@id":"https:\/\/tfc.bhakwien10.at\/#\/schema\/person\/5cb8fa697af6d33808159e9d7906b0b3","name":"TFC-Admin","image":{"@type":"ImageObject","inLanguage":"en-US","@id":"https:\/\/secure.gravatar.com\/avatar\/e88abb8a9aa7b3ea623f6d7a03a34020950834c12ff10592a59cb1adce75b534?s=96&d=mm&r=g","url":"https:\/\/secure.gravatar.com\/avatar\/e88abb8a9aa7b3ea623f6d7a03a34020950834c12ff10592a59cb1adce75b534?s=96&d=mm&r=g","contentUrl":"https:\/\/secure.gravatar.com\/avatar\/e88abb8a9aa7b3ea623f6d7a03a34020950834c12ff10592a59cb1adce75b534?s=96&d=mm&r=g","caption":"TFC-Admin"},"logo":{"@id":"https:\/\/secure.gravatar.com\/avatar\/e88abb8a9aa7b3ea623f6d7a03a34020950834c12ff10592a59cb1adce75b534?s=96&d=mm&r=g"},"sameAs":["https:\/\/tfc.bhakwien10.at\/"]}]}},"builder_content":"<h2>AGB - Allgemeine Gesch\u00e4ftsbedingungen<\/h2>\n\n<p><b>Preise<\/b><\/p> <p>Die angef\u00fchrten Preise sind Bruttopreise in Euro inkl. 20% Ust (Non-Food Produkte, Kaffee und Gr\u00fcntee) und 10% Ust (Foodprodukte und Fr\u00fcchtetee). Mit der Herausgabe einer neuen Preisliste werden s\u00e4mtliche fr\u00fcher genannten Preise ung\u00fcltig.<\/p> <p><b>Zahlungsbedingungen<\/b><\/p> <p>Unsere Rechnungen sind ab Ausstellungsdatum innerhalb von 14 Tagen abz\u00fcglich 2% Skonto oder nach 30 Tagen netto zahlbar. Bitte geben Sie bei der Bezahlung Datum und Nummer der Faktura an. Bei \u00dcberschreitung des Zahlungstermins werden 14% Verzugszinsen und \u20ac 15,00 Mahnspesen berechnet. K\u00f6nnen Sie die genannten Termine nicht einhalten, rufen Sie uns bitte an, damit wir einen pers\u00f6nlichen Zahlungsplan f\u00fcr erstellen.<\/p> <p><b>Liefertermin<\/b><\/p> <p>Zugesagte Liefertermine gelten unter der Voraussetzung eines normalen Betriebsablaufs. Teillieferungen behalten wir uns vor. Die Waren werden auf dem Postweg an unsere Kunden gesandt. Waren, die auf schnellstem Weg zum Empf\u00e4nger gelangen sollen, werden mit unserem Express-Lieferservice transportiert. Bei diesem schnellen Service berechnen wir pro Lieferung zus\u00e4tzlich \u20ac 11,00.<\/p> <p><b>Versand<\/b><\/p> <p>Wir verpacken unsere Waren nur in umweltfreundlichem Recyclingpapier bzw. Karton. Die Lieferung erfolgt per Post. Die Versandkosten betragen \u20ac 5,00 je Bestellung, ab einem Bestellwert von \u20ac 50,00 liefern wir frei Haus.<\/p> <p><b>Bestellservice<\/b><\/p> <p>Sie haben die M\u00f6glichkeit, eine Bestellung mittels Bestellschein durchzuf\u00fchren. Weiteres k\u00f6nnen Sie unsere schnelle Telefonbestellung in Anspruch nehmen, per E-Mail Ihre Bestellung \u00fcbermitteln oder auch in unserem Webshop den Bestellservice nutzen.<\/p>","_links":{"self":[{"href":"https:\/\/tfc.bhakwien10.at\/en\/wp-json\/wp\/v2\/pages\/865","targetHints":{"allow":["GET"]}}],"collection":[{"href":"https:\/\/tfc.bhakwien10.at\/en\/wp-json\/wp\/v2\/pages"}],"about":[{"href":"https:\/\/tfc.bhakwien10.at\/en\/wp-json\/wp\/v2\/types\/page"}],"author":[{"embeddable":true,"href":"https:\/\/tfc.bhakwien10.at\/en\/wp-json\/wp\/v2\/users\/1"}],"replies":[{"embeddable":true,"href":"https:\/\/tfc.bhakwien10.at\/en\/wp-json\/wp\/v2\/comments?post=865"}],"version-history":[{"count":23,"href":"https:\/\/tfc.bhakwien10.at\/en\/wp-json\/wp\/v2\/pages\/865\/revisions"}],"predecessor-version":[{"id":1118,"href":"https:\/\/tfc.bhakwien10.at\/en\/wp-json\/wp\/v2\/pages\/865\/revisions\/1118"}],"wp:attachment":[{"href":"https:\/\/tfc.bhakwien10.at\/en\/wp-json\/wp\/v2\/media?parent=865"}],"curies":[{"name":"wp","href":"https:\/\/api.w.org\/{rel}","templated":true}]}}