{"id":643,"date":"2022-02-02T10:17:37","date_gmt":"2022-02-02T09:17:37","guid":{"rendered":"https:\/\/tfc.bhakwien10.schulwebspace.at\/?page_id=643"},"modified":"2024-12-05T10:19:50","modified_gmt":"2024-12-05T09:19:50","slug":"impressum","status":"publish","type":"page","link":"https:\/\/tfc.bhakwien10.at\/en\/impressum\/","title":{"rendered":"Impressum"},"content":{"rendered":"<!--themify_builder_content-->\n<div id=\"themify_builder_content-643\" data-postid=\"643\" class=\"themify_builder_content themify_builder_content-643 themify_builder tf_clear\">\n    \t<!-- module_row -->\n\t<div  data-lazy=\"1\" class=\"module_row themify_builder_row tb_u303699 tb_first clearfix\">\n\t    \t\t<div class=\"row_inner col_align_top tf_box tf_w tf_rel\">\n\t\t\t<div  data-lazy=\"1\" class=\"module_column tb-column col-full first tb_vuxe700 tf_box\">\n\t    \t    \t        <div class=\"tb-column-inner tf_box tf_w\">\n\t\t    <!-- module text -->\n<div  class=\"module module-text tb_i4br797\" data-lazy=\"1\">\n            <div  class=\"tb_text_wrap\">\n    <h2 style=\"text-align: center;\">Impressum<\/h2>    <\/div>\n<\/div>\n<!-- \/module text --><!-- module text -->\n<div  class=\"module module-text tb_uwel330\" data-lazy=\"1\">\n            <div  class=\"tb_text_wrap\">\n    <h3>TFC &#8211; The Fair Company GmbH<\/h3>\n<p>\u00dcbungsfirma der BHAK Wien 10<\/p>\n<p>Die <strong>TFC &#8211; The Fair Company GmbH<\/strong> ist eine \u00dcbungsfirma, das bedeutet, sie bildet das Modell eines tats\u00e4chlich bestehenden Unternehmens ab. Die Waren, Dienstleistungen und das zur Zahlung erforderliche Geld sind nicht real vorhanden.<\/p>\n<p>Rechtsform: Gesellschaft mit beschr\u00e4nkter Haftung<\/p>\n<p>Adresse: Pernerstorfergasse 77, 1100 Wien<\/p>\n<p>Arbeitszeiten: Montag von 8:00 Uhr &#8211; 11:40 Uhr<\/p>\n<p>Unternehmensgegenstand: Handel mit Fair Trade Waren<\/p>\n<p>Telefon: +43 1 602 51 91 &#8211; 520<\/p>\n<p>E-Mail: <a href=\"mailto:tfc694@uebungsfirmen.at\">tfc694@uebungsfirmen.at<\/a><\/p>\n<p>FB-Nummer: 694<\/p>\n<p>FB-Gericht: Act-Gericht<\/p>\n<p>internationaler Firmencode: a010000694<\/p>\n<p>UID-Nummer: ATU10069469<\/p>\n<p><strong>Datenschutzerkl\u00e4rung<\/strong><\/p>\n<p>Ein besonderes Anliegen ist der Schutz der pers\u00f6nlichen Daten unserer Kunden. Die Daten werden ausschlie\u00dflich auf Grundlage der gesetzlichen Bestimmungen (DSGVO) verarbeitet. Hier informieren wir Sie \u00fcber wichtige Aspekte der Datenverarbeitung auf unserer Website.<\/p>\n<p>Wenn Sie uns schriftlich, telefonisch oder per Mail kontaktieren, sind wir dazu verpflichtet Ihre angegebenen Daten f\u00fcr die Dauer der gesetzlichen Aufbewahrungsfrist bei uns zu speichern. Die angegebenen Daten werden selbstverst\u00e4ndlich nicht ohne Ihre Einwilligung an Dritte weitergegeben.\u00a0<\/p>\n<p>Der Link zu unseren <a href=\"https:\/\/tfc.bhakwien10.at\/en\/agb\/\">AGB&#8217;s<\/a> &amp; <a href=\"https:\/\/tfc.bhakwien10.at\/en\/datenschutz\/\">Datenschutzerkl\u00e4rungen<\/a><br \/>\u00dcbungsfirma der BHAK Wien 10<\/p>    <\/div>\n<\/div>\n<!-- \/module text -->\t        <\/div>\n\t    \t<\/div>\n\t\t    <\/div>\n\t    <!-- \/row_inner -->\n\t<\/div>\n\t<!-- \/module_row -->\n\t<\/div>\n<!--\/themify_builder_content-->","protected":false},"excerpt":{"rendered":"<p>Impressum TFC &#8211; The Fair Company GmbH \u00dcbungsfirma der BHAK Wien 10 Die TFC &#8211; The Fair Company GmbH ist eine \u00dcbungsfirma, das bedeutet, sie bildet das Modell eines tats\u00e4chlich bestehenden Unternehmens ab. Die Waren, Dienstleistungen und das zur Zahlung erforderliche Geld sind nicht real vorhanden. Rechtsform: Gesellschaft mit beschr\u00e4nkter Haftung Adresse: Pernerstorfergasse 77, 1100 [&hellip;]<\/p>\n","protected":false},"author":1,"featured_media":0,"parent":0,"menu_order":0,"comment_status":"closed","ping_status":"closed","template":"","meta":{"footnotes":""},"class_list":["post-643","page","type-page","status-publish","hentry","has-post-title","has-post-date","has-post-category","has-post-tag","has-post-comment","has-post-author",""],"yoast_head":"<!-- This site is optimized with the Yoast SEO plugin v27.5 - https:\/\/yoast.com\/product\/yoast-seo-wordpress\/ -->\n<title>Impressum - TFC - The Fair Company<\/title>\n<meta name=\"description\" content=\"Sch\u00fcler der BhakWien10 - Digital Business. Entwickle Projekte und pr\u00e4sentiere es auf meine Webseite. Bis jetzt habe ich an sehr vielen Wettbewerben und Projekten teilgenommen!\" \/>\n<meta name=\"robots\" content=\"index, follow, max-snippet:-1, max-image-preview:large, max-video-preview:-1\" \/>\n<link rel=\"canonical\" href=\"https:\/\/tfc.bhakwien10.at\/en\/impressum\/\" \/>\n<meta property=\"og:locale\" content=\"en_US\" \/>\n<meta property=\"og:type\" content=\"article\" \/>\n<meta property=\"og:title\" content=\"Impressum - TFC - The Fair Company\" \/>\n<meta property=\"og:description\" content=\"Sch\u00fcler der BhakWien10 - Digital Business. Entwickle Projekte und pr\u00e4sentiere es auf meine Webseite. Bis jetzt habe ich an sehr vielen Wettbewerben und Projekten teilgenommen!\" \/>\n<meta property=\"og:url\" content=\"https:\/\/tfc.bhakwien10.at\/en\/impressum\/\" \/>\n<meta property=\"og:site_name\" content=\"TFC - The Fair Company\" \/>\n<meta property=\"article:modified_time\" content=\"2024-12-05T09:19:50+00:00\" \/>\n<meta name=\"twitter:card\" content=\"summary_large_image\" \/>\n<script type=\"application\/ld+json\" class=\"yoast-schema-graph\">{\"@context\":\"https:\\\/\\\/schema.org\",\"@graph\":[{\"@type\":\"WebPage\",\"@id\":\"https:\\\/\\\/tfc.bhakwien10.at\\\/impressum\\\/\",\"url\":\"https:\\\/\\\/tfc.bhakwien10.at\\\/impressum\\\/\",\"name\":\"Impressum - TFC - The Fair Company\",\"isPartOf\":{\"@id\":\"https:\\\/\\\/tfc.bhakwien10.at\\\/#website\"},\"datePublished\":\"2022-02-02T09:17:37+00:00\",\"dateModified\":\"2024-12-05T09:19:50+00:00\",\"description\":\"Sch\u00fcler der BhakWien10 - Digital Business. Entwickle Projekte und pr\u00e4sentiere es auf meine Webseite. Bis jetzt habe ich an sehr vielen Wettbewerben und Projekten teilgenommen!\",\"breadcrumb\":{\"@id\":\"https:\\\/\\\/tfc.bhakwien10.at\\\/impressum\\\/#breadcrumb\"},\"inLanguage\":\"en-US\",\"potentialAction\":[{\"@type\":\"ReadAction\",\"target\":[\"https:\\\/\\\/tfc.bhakwien10.at\\\/impressum\\\/\"]}]},{\"@type\":\"BreadcrumbList\",\"@id\":\"https:\\\/\\\/tfc.bhakwien10.at\\\/impressum\\\/#breadcrumb\",\"itemListElement\":[{\"@type\":\"ListItem\",\"position\":1,\"name\":\"Home\",\"item\":\"https:\\\/\\\/tfc.bhakwien10.at\\\/\"},{\"@type\":\"ListItem\",\"position\":2,\"name\":\"Impressum\"}]},{\"@type\":\"WebSite\",\"@id\":\"https:\\\/\\\/tfc.bhakwien10.at\\\/#website\",\"url\":\"https:\\\/\\\/tfc.bhakwien10.at\\\/\",\"name\":\"TFC - The Fair Company\",\"description\":\"eine \u00dcbungsfirma der BHAK Wien10\",\"publisher\":{\"@id\":\"https:\\\/\\\/tfc.bhakwien10.at\\\/#\\\/schema\\\/person\\\/5cb8fa697af6d33808159e9d7906b0b3\"},\"potentialAction\":[{\"@type\":\"SearchAction\",\"target\":{\"@type\":\"EntryPoint\",\"urlTemplate\":\"https:\\\/\\\/tfc.bhakwien10.at\\\/?s={search_term_string}\"},\"query-input\":{\"@type\":\"PropertyValueSpecification\",\"valueRequired\":true,\"valueName\":\"search_term_string\"}}],\"inLanguage\":\"en-US\"},{\"@type\":[\"Person\",\"Organization\"],\"@id\":\"https:\\\/\\\/tfc.bhakwien10.at\\\/#\\\/schema\\\/person\\\/5cb8fa697af6d33808159e9d7906b0b3\",\"name\":\"TFC-Admin\",\"image\":{\"@type\":\"ImageObject\",\"inLanguage\":\"en-US\",\"@id\":\"https:\\\/\\\/secure.gravatar.com\\\/avatar\\\/e88abb8a9aa7b3ea623f6d7a03a34020950834c12ff10592a59cb1adce75b534?s=96&d=mm&r=g\",\"url\":\"https:\\\/\\\/secure.gravatar.com\\\/avatar\\\/e88abb8a9aa7b3ea623f6d7a03a34020950834c12ff10592a59cb1adce75b534?s=96&d=mm&r=g\",\"contentUrl\":\"https:\\\/\\\/secure.gravatar.com\\\/avatar\\\/e88abb8a9aa7b3ea623f6d7a03a34020950834c12ff10592a59cb1adce75b534?s=96&d=mm&r=g\",\"caption\":\"TFC-Admin\"},\"logo\":{\"@id\":\"https:\\\/\\\/secure.gravatar.com\\\/avatar\\\/e88abb8a9aa7b3ea623f6d7a03a34020950834c12ff10592a59cb1adce75b534?s=96&d=mm&r=g\"},\"sameAs\":[\"https:\\\/\\\/tfc.bhakwien10.at\\\/\"]}]}<\/script>\n<!-- \/ Yoast SEO plugin. -->","yoast_head_json":{"title":"Impressum - TFC - The Fair Company","description":"Sch\u00fcler der BhakWien10 - Digital Business. Entwickle Projekte und pr\u00e4sentiere es auf meine Webseite. Bis jetzt habe ich an sehr vielen Wettbewerben und Projekten teilgenommen!","robots":{"index":"index","follow":"follow","max-snippet":"max-snippet:-1","max-image-preview":"max-image-preview:large","max-video-preview":"max-video-preview:-1"},"canonical":"https:\/\/tfc.bhakwien10.at\/en\/impressum\/","og_locale":"en_US","og_type":"article","og_title":"Impressum - TFC - The Fair Company","og_description":"Sch\u00fcler der BhakWien10 - Digital Business. Entwickle Projekte und pr\u00e4sentiere es auf meine Webseite. Bis jetzt habe ich an sehr vielen Wettbewerben und Projekten teilgenommen!","og_url":"https:\/\/tfc.bhakwien10.at\/en\/impressum\/","og_site_name":"TFC - The Fair Company","article_modified_time":"2024-12-05T09:19:50+00:00","twitter_card":"summary_large_image","schema":{"@context":"https:\/\/schema.org","@graph":[{"@type":"WebPage","@id":"https:\/\/tfc.bhakwien10.at\/impressum\/","url":"https:\/\/tfc.bhakwien10.at\/impressum\/","name":"Impressum - TFC - The Fair Company","isPartOf":{"@id":"https:\/\/tfc.bhakwien10.at\/#website"},"datePublished":"2022-02-02T09:17:37+00:00","dateModified":"2024-12-05T09:19:50+00:00","description":"Sch\u00fcler der BhakWien10 - Digital Business. Entwickle Projekte und pr\u00e4sentiere es auf meine Webseite. Bis jetzt habe ich an sehr vielen Wettbewerben und Projekten teilgenommen!","breadcrumb":{"@id":"https:\/\/tfc.bhakwien10.at\/impressum\/#breadcrumb"},"inLanguage":"en-US","potentialAction":[{"@type":"ReadAction","target":["https:\/\/tfc.bhakwien10.at\/impressum\/"]}]},{"@type":"BreadcrumbList","@id":"https:\/\/tfc.bhakwien10.at\/impressum\/#breadcrumb","itemListElement":[{"@type":"ListItem","position":1,"name":"Home","item":"https:\/\/tfc.bhakwien10.at\/"},{"@type":"ListItem","position":2,"name":"Impressum"}]},{"@type":"WebSite","@id":"https:\/\/tfc.bhakwien10.at\/#website","url":"https:\/\/tfc.bhakwien10.at\/","name":"TFC - The Fair Company","description":"eine \u00dcbungsfirma der BHAK Wien10","publisher":{"@id":"https:\/\/tfc.bhakwien10.at\/#\/schema\/person\/5cb8fa697af6d33808159e9d7906b0b3"},"potentialAction":[{"@type":"SearchAction","target":{"@type":"EntryPoint","urlTemplate":"https:\/\/tfc.bhakwien10.at\/?s={search_term_string}"},"query-input":{"@type":"PropertyValueSpecification","valueRequired":true,"valueName":"search_term_string"}}],"inLanguage":"en-US"},{"@type":["Person","Organization"],"@id":"https:\/\/tfc.bhakwien10.at\/#\/schema\/person\/5cb8fa697af6d33808159e9d7906b0b3","name":"TFC-Admin","image":{"@type":"ImageObject","inLanguage":"en-US","@id":"https:\/\/secure.gravatar.com\/avatar\/e88abb8a9aa7b3ea623f6d7a03a34020950834c12ff10592a59cb1adce75b534?s=96&d=mm&r=g","url":"https:\/\/secure.gravatar.com\/avatar\/e88abb8a9aa7b3ea623f6d7a03a34020950834c12ff10592a59cb1adce75b534?s=96&d=mm&r=g","contentUrl":"https:\/\/secure.gravatar.com\/avatar\/e88abb8a9aa7b3ea623f6d7a03a34020950834c12ff10592a59cb1adce75b534?s=96&d=mm&r=g","caption":"TFC-Admin"},"logo":{"@id":"https:\/\/secure.gravatar.com\/avatar\/e88abb8a9aa7b3ea623f6d7a03a34020950834c12ff10592a59cb1adce75b534?s=96&d=mm&r=g"},"sameAs":["https:\/\/tfc.bhakwien10.at\/"]}]}},"builder_content":"<h2 style=\"text-align: center;\">Impressum<\/h2>\n<h3>TFC - The Fair Company GmbH<\/h3> <p>\u00dcbungsfirma der BHAK Wien 10<\/p> <p>Die <strong>TFC - The Fair Company GmbH<\/strong> ist eine \u00dcbungsfirma, das bedeutet, sie bildet das Modell eines tats\u00e4chlich bestehenden Unternehmens ab. Die Waren, Dienstleistungen und das zur Zahlung erforderliche Geld sind nicht real vorhanden.<\/p> <p>Rechtsform: Gesellschaft mit beschr\u00e4nkter Haftung<\/p> <p>Adresse: Pernerstorfergasse 77, 1100 Wien<\/p> <p>Arbeitszeiten: Montag von 8:00 Uhr - 11:40 Uhr<\/p> <p>Unternehmensgegenstand: Handel mit Fair Trade Waren<\/p> <p>Telefon: +43 1 602 51 91 - 520<\/p> <p>E-Mail: <a href=\"mailto:tfc694@uebungsfirmen.at\">tfc694@uebungsfirmen.at<\/a><\/p> <p>FB-Nummer: 694<\/p> <p>FB-Gericht: Act-Gericht<\/p> <p>internationaler Firmencode: a010000694<\/p> <p>UID-Nummer: ATU10069469<\/p> <p><strong>Datenschutzerkl\u00e4rung<\/strong><\/p> <p>Ein besonderes Anliegen ist der Schutz der pers\u00f6nlichen Daten unserer Kunden. Die Daten werden ausschlie\u00dflich auf Grundlage der gesetzlichen Bestimmungen (DSGVO) verarbeitet. Hier informieren wir Sie \u00fcber wichtige Aspekte der Datenverarbeitung auf unserer Website.<\/p> <p>Wenn Sie uns schriftlich, telefonisch oder per Mail kontaktieren, sind wir dazu verpflichtet Ihre angegebenen Daten f\u00fcr die Dauer der gesetzlichen Aufbewahrungsfrist bei uns zu speichern. Die angegebenen Daten werden selbstverst\u00e4ndlich nicht ohne Ihre Einwilligung an Dritte weitergegeben.\u00a0<\/p> <p>Der Link zu unseren <a href=\"https:\/\/tfc.bhakwien10.at\/agb\/\">AGB's<\/a> &amp; <a href=\"https:\/\/tfc.bhakwien10.at\/datenschutz\/\">Datenschutzerkl\u00e4rungen<\/a><br \/>\u00dcbungsfirma der BHAK Wien 10<\/p>","_links":{"self":[{"href":"https:\/\/tfc.bhakwien10.at\/en\/wp-json\/wp\/v2\/pages\/643","targetHints":{"allow":["GET"]}}],"collection":[{"href":"https:\/\/tfc.bhakwien10.at\/en\/wp-json\/wp\/v2\/pages"}],"about":[{"href":"https:\/\/tfc.bhakwien10.at\/en\/wp-json\/wp\/v2\/types\/page"}],"author":[{"embeddable":true,"href":"https:\/\/tfc.bhakwien10.at\/en\/wp-json\/wp\/v2\/users\/1"}],"replies":[{"embeddable":true,"href":"https:\/\/tfc.bhakwien10.at\/en\/wp-json\/wp\/v2\/comments?post=643"}],"version-history":[{"count":18,"href":"https:\/\/tfc.bhakwien10.at\/en\/wp-json\/wp\/v2\/pages\/643\/revisions"}],"predecessor-version":[{"id":1178,"href":"https:\/\/tfc.bhakwien10.at\/en\/wp-json\/wp\/v2\/pages\/643\/revisions\/1178"}],"wp:attachment":[{"href":"https:\/\/tfc.bhakwien10.at\/en\/wp-json\/wp\/v2\/media?parent=643"}],"curies":[{"name":"wp","href":"https:\/\/api.w.org\/{rel}","templated":true}]}}