{"id":15,"date":"2021-04-06T21:46:32","date_gmt":"2021-04-06T19:46:32","guid":{"rendered":"https:\/\/tfc.bhakwien10.schulwebspace.at\/?page_id=15"},"modified":"2025-02-26T09:05:29","modified_gmt":"2025-02-26T08:05:29","slug":"home","status":"publish","type":"page","link":"https:\/\/tfc.bhakwien10.at\/en\/","title":{"rendered":"Home"},"content":{"rendered":"<!--themify_builder_content-->\n<div id=\"themify_builder_content-15\" data-postid=\"15\" class=\"themify_builder_content themify_builder_content-15 themify_builder tf_clear\">\n    \t<!-- module_row -->\n\t<div  data-css_id=\"voz0712\" data-lazy=\"1\" class=\"module_row themify_builder_row builder-parallax-scrolling fullwidth tb_voz0712 tb_first clearfix hide-mobile\" >\n\t    <div class=\"tf_abs builder_row_cover\"><\/div>\t    <div class=\"tf_hide row-slider tb_slider\" data-bgmode=\"fullcover\" data-sliderspeed=\"2000\">\n\t        <ul class=\"tf_abs row-slider-slides clearfix\">\n\t\t    \t\t\t<li data-bg=\"https:\/\/tfc.bhakwien10.at\/wp-content\/uploads\/2021\/11\/back1-1-1024x525.jpg\" class=\"normal\">\n\t\t\t    <a class=\"row-slider-dot\" data-index=\"0\"><\/a>\n\t\t\t<\/li>\n\t\t\t\t\t\t<li data-bg=\"https:\/\/tfc.bhakwien10.at\/wp-content\/uploads\/2021\/11\/back2-1-1024x525.png\" class=\"normal\">\n\t\t\t    <a class=\"row-slider-dot\" data-index=\"1\"><\/a>\n\t\t\t<\/li>\n\t\t\t\t\t\t<li data-bg=\"https:\/\/tfc.bhakwien10.at\/wp-content\/uploads\/2021\/11\/back3-1024x525.png\" class=\"normal\">\n\t\t\t    <a class=\"row-slider-dot\" data-index=\"2\"><\/a>\n\t\t\t<\/li>\n\t\t\t\t        <\/ul>\n\t        <div class=\"row-slider-nav\">\n\t    \t<a class=\"tf_abs row-slider-arrow row-slider-prev\">&lsaquo;<\/a>\n\t    \t<a class=\"tf_abs row-slider-arrow row-slider-next\">&rsaquo;<\/a>\n\t        <\/div>\n\t    <\/div>\n\t    <!-- \/.row-bgs -->\n\t    \t\t<div class=\"row_inner col_align_top tf_box tf_w tf_rel\">\n\t\t\t<div  data-lazy=\"1\" class=\"module_column tb-column col-full first tb_9x7h713 tf_box\">\n\t    \t    \t        <div class=\"tb-column-inner tf_box tf_w\">\n\t\t    \t<div  data-lazy=\"1\" class=\"module_subrow themify_builder_sub_row tb_mlq5576 tf_w clearfix\">\n\t    \t\t<div class=\"subrow_inner col_align_top tf_box tf_w\">\n\t\t\t<div  data-lazy=\"1\" class=\"sub_column module_column tf_box col-full first tb_2rpx579\" > \n\t    \t    \t        <div class=\"tb-column-inner tf_box tf_w\">\n\t\t    <!-- module text -->\n<div  class=\"module module-text tb_7xnx50  repeat  wow\" data-tf-animation=\"fadeIn\" data-tf-animation_delay=\"1\" data-lazy=\"1\">\n            <div  class=\"tb_text_wrap\">\n    <h1>TFC &#8211; The Fair Company<\/h1>    <\/div>\n<\/div>\n<!-- \/module text --><!-- module buttons -->\n<div  class=\"module module-buttons tb_ke5m257 buttons-horizontal solid  rounded tf_textc wow\" data-tf-animation=\"fadeIn\" data-tf-animation_delay=\"2\" data-lazy=\"1\">\n            \t<div class=\"module-buttons-item tf_inline_b\">\n\t    \t\t    <a href=\"https:\/\/marketplace.penworldwide.org\/?enterprisePenCode=AT010000694%20\" class=\"ui builder_button tb_default_color\" target=\"_blank\" rel=\"noopener\">\n\t\t\t\t        \t\t<span class=\"tf_inline_b tf_vmiddle\">Web-Shop<\/span>\n\t\t    \t\t    \t\t    <\/a>\n\t\t        \t<\/div>\n\t    <\/div>\n<!-- \/module buttons -->\n\t        <\/div>\n\t    \t<\/div>\n\t\t    <\/div>\n\t<\/div><!-- \/themify_builder_sub_row -->\n\t\t        <\/div>\n\t    \t<\/div>\n\t\t    <\/div>\n\t    <!-- \/row_inner -->\n\t<\/div>\n\t<!-- \/module_row -->\n\t\t<!-- module_row -->\n\t<div  data-css_id=\"wgmh643\" data-lazy=\"1\" class=\"module_row themify_builder_row fullcover fullwidth tb_wgmh643 clearfix hide-desktop hide-tablet hide-tablet_landscape\" >\n\t    <div class=\"tf_abs builder_row_cover\"><\/div>\t    <div class=\"tf_hide row-slider tb_slider\" data-bgmode=\"fullcover\" data-sliderspeed=\"2000\">\n\t        <ul class=\"tf_abs row-slider-slides clearfix\">\n\t\t    \t\t\t<li data-bg=\"https:\/\/tfc.bhakwien10.at\/wp-content\/uploads\/2021\/11\/back1-1024x525.jpg\" class=\"normal\">\n\t\t\t    <a class=\"row-slider-dot\" data-index=\"0\"><\/a>\n\t\t\t<\/li>\n\t\t\t\t\t\t<li data-bg=\"https:\/\/tfc.bhakwien10.at\/wp-content\/uploads\/2021\/11\/back2-1024x525.png\" class=\"normal\">\n\t\t\t    <a class=\"row-slider-dot\" data-index=\"1\"><\/a>\n\t\t\t<\/li>\n\t\t\t\t\t\t<li data-bg=\"https:\/\/tfc.bhakwien10.at\/wp-content\/uploads\/2021\/11\/back3-1-1024x525.png\" class=\"normal\">\n\t\t\t    <a class=\"row-slider-dot\" data-index=\"2\"><\/a>\n\t\t\t<\/li>\n\t\t\t\t        <\/ul>\n\t        <div class=\"row-slider-nav\">\n\t    \t<a class=\"tf_abs row-slider-arrow row-slider-prev\">&lsaquo;<\/a>\n\t    \t<a class=\"tf_abs row-slider-arrow row-slider-next\">&rsaquo;<\/a>\n\t        <\/div>\n\t    <\/div>\n\t    <!-- \/.row-bgs -->\n\t    \t\t<div class=\"row_inner col_align_top tf_box tf_w tf_rel\">\n\t\t\t<div  data-lazy=\"1\" class=\"module_column tb-column col-full first tb_1tcz644 tf_box\">\n\t    \t    \t        <div class=\"tb-column-inner tf_box tf_w\">\n\t\t    \t<div  data-lazy=\"1\" class=\"module_subrow themify_builder_sub_row tb_cjs2644 tf_w clearfix\">\n\t    \t\t<div class=\"subrow_inner col_align_top tf_box tf_w\">\n\t\t\t<div  data-lazy=\"1\" class=\"sub_column module_column tf_box col-full first tb_jm52645\"> \n\t    \t    \t        <div class=\"tb-column-inner tf_box tf_w\">\n\t\t    <!-- module text -->\n<div  class=\"module module-text tb_j6y1645    wow\" data-tf-animation=\"fadeIn\" data-tf-animation_delay=\"1\" data-lazy=\"1\">\n            <div  class=\"tb_text_wrap\">\n    <h1>TFC &#8211; The Fair Company<\/h1>    <\/div>\n<\/div>\n<!-- \/module text --><!-- module buttons -->\n<div  class=\"module module-buttons tb_52pa645 buttons-horizontal solid  rounded tf_textc wow\" data-tf-animation=\"fadeIn\" data-tf-animation_delay=\"2\" data-lazy=\"1\">\n            \t<div class=\"module-buttons-item tf_inline_b\">\n\t    \t\t    <a href=\"https:\/\/marketplace.penworldwide.org\/?enterprisePenCode=AT010000694%20\" class=\"ui builder_button tb_default_color\" target=\"_blank\" rel=\"noopener\">\n\t\t\t\t        \t\t<span class=\"tf_inline_b tf_vmiddle\">Web-Shop<\/span>\n\t\t    \t\t    \t\t    <\/a>\n\t\t        \t<\/div>\n\t    <\/div>\n<!-- \/module buttons -->\n\t        <\/div>\n\t    \t<\/div>\n\t\t    <\/div>\n\t<\/div><!-- \/themify_builder_sub_row -->\n\t\t        <\/div>\n\t    \t<\/div>\n\t\t    <\/div>\n\t    <!-- \/row_inner -->\n\t<\/div>\n\t<!-- \/module_row -->\n\t\t<!-- module_row -->\n\t<div  data-css_id=\"syao705\" data-lazy=\"1\" class=\"module_row themify_builder_row fullwidth tb_syao705 clearfix\" >\n\t    \t\t<div class=\"row_inner col_align_top tf_box tf_w tf_rel\">\n\t\t\t<div  data-lazy=\"1\" class=\"module_column tb-column col-full first tb_5c3b706 tf_box\">\n\t    \t    \t<\/div>\n\t\t    <\/div>\n\t    <!-- \/row_inner -->\n\t<\/div>\n\t<!-- \/module_row -->\n\t\t<!-- module_row -->\n\t<div  data-lazy=\"1\" class=\"module_row themify_builder_row repeat tb_zhtu197 clearfix\" >\n\t    \t\t<div class=\"row_inner col_align_top tf_box tf_w tf_rel\">\n\t\t\t<div  data-lazy=\"1\" class=\"module_column tb-column col-full first tb_xh6k197 tf_box\">\n\t    \t    \t        <div class=\"tb-column-inner tf_box tf_w\">\n\t\t    <!-- module text -->\n<div  class=\"module module-text tb_6db2890\" data-lazy=\"1\">\n            <div  class=\"tb_text_wrap\">\n    <h2 style=\"text-align: center;\">Bestsellers<\/h2>    <\/div>\n<\/div>\n<!-- \/module text -->\t<div  data-lazy=\"1\" class=\"module_subrow themify_builder_sub_row tb_c1l158 tf_w clearfix\">\n\t    \t\t<div class=\"subrow_inner col_align_top tf_box tf_w\">\n\t\t\t<div  data-lazy=\"1\" class=\"sub_column module_column tf_box col3-1 first tb_23xh59\"> \n\t    \t    \t        <div class=\"tb-column-inner tf_box tf_w\">\n\t\t    <!-- module feature -->\n<div  class=\"module module-feature tb_h9cq305 with-chart layout-icon-top size-large\" data-lazy=\"1\">\n        <div class=\"module-feature-image tf_textc tf_rel\">\n\t\t\t    <span class=\"module-feature-chart-html5 tf_box tf_rel tf_inline_b\">\n\t\t\t\t    <svg class=\"tf_abs tf_w tf_h\">\n\t\t\t<circle class=\"tb_feature_fill\" r=\"calc(50% - 1.5px)\" cx=\"50%\" cy=\"50%\" stroke-width=\"3\"\/>\n\t\t\t<circle class=\"tb_feature_stroke\" r=\"calc(50% - 1.5px)\" cx=\"50%\" cy=\"50%\" stroke=\"#de5d5d\" stroke-width=\"3\" data-progress=\"100\" stroke-dasharray=\"0,10000\"\/>\n\t\t\t\t\t    <\/svg>\n\t\t\t\t<span class=\"chart-html5-circle tf_w tf_h\">\n\t\t\t\t\t\t\t<img decoding=\"async\" style=\"width:calc(100% - 6px);height:calc(100% - 6px)\" src=\"https:\/\/tfc.bhakwien10.at\/wp-content\/uploads\/2022\/11\/Bio-Choc-Kokos-Orange.png\" alt=\"BIO CHOC Kokos-Orange\">\n\t\t\t \t\t   <\/span>\n\t    <\/span>\n\t        <\/div>\n    <div class=\"module-feature-content tf_textc\">\n\t    \t<h3 class=\"module-feature-title\">\n\t\t\t\t    BIO CHOC Kokos-Orange\t\t    \t<\/h3>\n\t    \t<div class=\"tb_text_wrap\">\n\t    \t<\/div>\n    <\/div>\n<\/div>\n<!-- \/module feature -->\n\t        <\/div>\n\t    \t<\/div>\n\t\t<div  data-lazy=\"1\" class=\"sub_column module_column tf_box col3-1 middle tb_l8fg60\"> \n\t    \t    \t        <div class=\"tb-column-inner tf_box tf_w\">\n\t\t    <!-- module feature -->\n<div  class=\"module module-feature tb_r72a186 with-chart layout-icon-top size-large\" data-lazy=\"1\">\n        <div class=\"module-feature-image tf_textc tf_rel\">\n\t\t\t    <span class=\"module-feature-chart-html5 tf_box tf_rel tf_inline_b\">\n\t\t\t\t    <svg class=\"tf_abs tf_w tf_h\">\n\t\t\t<circle class=\"tb_feature_fill\" r=\"calc(50% - 1.5px)\" cx=\"50%\" cy=\"50%\" stroke-width=\"3\"\/>\n\t\t\t<circle class=\"tb_feature_stroke\" r=\"calc(50% - 1.5px)\" cx=\"50%\" cy=\"50%\" stroke=\"#de5d5d\" stroke-width=\"3\" data-progress=\"100\" stroke-dasharray=\"0,10000\"\/>\n\t\t\t\t\t    <\/svg>\n\t\t\t\t<span class=\"chart-html5-circle tf_w tf_h\">\n\t\t\t\t\t\t\t<img decoding=\"async\" style=\"width:calc(100% - 6px);height:calc(100% - 6px)\" src=\"https:\/\/tfc.bhakwien10.at\/wp-content\/uploads\/2021\/11\/food8.png\" alt=\"SEGELKAFFEE Arabica-Bohnenqualit\u00e4t\">\n\t\t\t \t\t   <\/span>\n\t    <\/span>\n\t        <\/div>\n    <div class=\"module-feature-content tf_textc\">\n\t    \t<h3 class=\"module-feature-title\">\n\t\t\t\t    SEGELKAFFEE Arabica-Bohnenqualit\u00e4t\t\t    \t<\/h3>\n\t    \t<div class=\"tb_text_wrap\">\n\t    \t<\/div>\n    <\/div>\n<\/div>\n<!-- \/module feature -->\n\t        <\/div>\n\t    \t<\/div>\n\t\t<div  data-lazy=\"1\" class=\"sub_column module_column tf_box col3-1 last tb_zw7q60\"> \n\t    \t    \t        <div class=\"tb-column-inner tf_box tf_w\">\n\t\t    <!-- module feature -->\n<div  class=\"module module-feature tb_2iam607 with-chart layout-icon-top size-large\" data-lazy=\"1\">\n        <div class=\"module-feature-image tf_textc tf_rel\">\n\t\t\t    <span class=\"module-feature-chart-html5 tf_box tf_rel tf_inline_b\">\n\t\t\t\t    <svg class=\"tf_abs tf_w tf_h\">\n\t\t\t<circle class=\"tb_feature_fill\" r=\"calc(50% - 1.5px)\" cx=\"50%\" cy=\"50%\" stroke-width=\"3\"\/>\n\t\t\t<circle class=\"tb_feature_stroke\" r=\"calc(50% - 1.5px)\" cx=\"50%\" cy=\"50%\" stroke=\"#de5d5d\" stroke-width=\"3\" data-progress=\"100\" stroke-dasharray=\"0,10000\"\/>\n\t\t\t\t\t    <\/svg>\n\t\t\t\t<span class=\"chart-html5-circle tf_w tf_h\">\n\t\t\t\t\t\t\t<img decoding=\"async\" style=\"width:calc(100% - 6px);height:calc(100% - 6px)\" src=\"https:\/\/tfc.bhakwien10.at\/wp-content\/uploads\/2021\/11\/non-food4.png\" alt=\"Rosen Seife 100% nat\u00fcrliche \u00d6le\">\n\t\t\t \t\t   <\/span>\n\t    <\/span>\n\t        <\/div>\n    <div class=\"module-feature-content tf_textc\">\n\t    \t<h3 class=\"module-feature-title\">\n\t\t\t\t    Rosen Seife 100% nat\u00fcrliche \u00d6le\t\t    \t<\/h3>\n\t    \t<div class=\"tb_text_wrap\">\n\t    \t<\/div>\n    <\/div>\n<\/div>\n<!-- \/module feature -->\n\t        <\/div>\n\t    \t<\/div>\n\t\t    <\/div>\n\t<\/div><!-- \/themify_builder_sub_row -->\n\t\t        <\/div>\n\t    \t<\/div>\n\t\t    <\/div>\n\t    <!-- \/row_inner -->\n\t<\/div>\n\t<!-- \/module_row -->\n\t\t<!-- module_row -->\n\t<div  data-lazy=\"1\" class=\"module_row themify_builder_row builder-parallax-scrolling tb_nnht236 clearfix\" >\n\t    \t\t<div class=\"row_inner col_align_top tf_box tf_w tf_rel\">\n\t\t\t<div  data-lazy=\"1\" class=\"module_column tb-column col-full first tb_2w1i236 tf_box\">\n\t    \t    \t        <div class=\"tb-column-inner tf_box tf_w\">\n\t\t    <!-- module text -->\n<div  class=\"module module-text tb_tn5i362\" data-lazy=\"1\">\n            <div  class=\"tb_text_wrap\">\n    <h1><strong><span style=\"color: #ffffff;\">News<\/span><\/strong><\/h1>    <\/div>\n<\/div>\n<!-- \/module text --><!-- module image -->\n<div  class=\"module module-image tb_upc4441   image-top auto_fullwidth tf_mw\" data-lazy=\"1\">\n            <div class=\"image-wrap tf_rel tf_mw\">\n\t\t    <img loading=\"lazy\" decoding=\"async\" src=\"https:\/\/tfc.bhakwien10.schulwebspace.at\/wp-content\/uploads\/2025\/01\/image001.png\" width=\"849\" height=\"730\" title=\"Home\" alt=\"Home\">\t\n\t\t<\/div>\n\t<!-- \/image-wrap -->\n    \n    \n<\/div>\n<!-- \/module image -->\t        <\/div>\n\t    \t<\/div>\n\t\t    <\/div>\n\t    <!-- \/row_inner -->\n\t<\/div>\n\t<!-- \/module_row -->\n\t\t<!-- module_row -->\n\t<div  data-css_id=\"io5q942\" data-lazy=\"1\" class=\"module_row themify_builder_row fullwidth tb_io5q942 clearfix\" >\n\t    \t\t<div class=\"row_inner col_align_top tf_box tf_w tf_rel\">\n\t\t\t<div  data-lazy=\"1\" class=\"module_column tb-column col-full first tb_nu64943 tf_box\">\n\t    \t    \t        <div class=\"tb-column-inner tf_box tf_w\">\n\t\t    <!-- module icon -->\n<div  class=\"module module-icon tb_vcw8166  xlarge circle icon_horizontal tf_textl\" data-lazy=\"1\">\n            <div class=\"module-icon\">\n\t\t    <div class=\"module-icon-item tf_inline_b\">\n\t\t\t\t    <a href=\"https:\/\/www.instagram.com\/thefaircompany\/?hl=de\" rel=\"noopener\" target=\"_blank\">\n\t\t                    \t\t    \t\t\t    <i class=\"ui tf_vmiddle tf_textc tf_box black\"><svg  aria-hidden=\"true\" class=\"tf_fa tf-ti-instagram\"><use href=\"#tf-ti-instagram\"><\/use><\/svg><\/i>\n\t\t                \t\t    \t\t\t<span class=\"tf_vmiddle\">Instagram<\/span>\n\t\t    \t\t    \t\t    <\/a>\n\t\t\t    <\/div>\n\t\t    <div class=\"module-icon-item tf_inline_b\">\n\t\t                \t\t                \t\t    \t\t    \t    <\/div>\n\t    <\/div>\n<\/div>\n<!-- \/module icon -->\n\t        <\/div>\n\t    \t<\/div>\n\t\t    <\/div>\n\t    <!-- \/row_inner -->\n\t<\/div>\n\t<!-- \/module_row -->\n\t\t<!-- module_row -->\n\t<div  data-lazy=\"1\" class=\"module_row themify_builder_row repeat tb_c0n9520 clearfix\" >\n\t    \t\t<div class=\"row_inner col_align_top tf_box tf_w tf_rel\">\n\t\t\t<div  data-lazy=\"1\" class=\"module_column tb-column col-full first tb_ykby521 tf_box\">\n\t    \t    \t        <div class=\"tb-column-inner tf_box tf_w\">\n\t\t    <!-- module divider -->\n<div  class=\"module tf_mw module-divider tb_cmyr491 solid\" style=\"border-width: 1px;border-color: #000;\" data-lazy=\"1\" id=\"contact\">\n        <\/div>\n<!-- \/module divider -->\n\t        <\/div>\n\t    \t<\/div>\n\t\t    <\/div>\n\t    <!-- \/row_inner -->\n\t<\/div>\n\t<!-- \/module_row -->\n\t\t<!-- module_row -->\n\t<div  data-lazy=\"1\" class=\"module_row themify_builder_row tb_7jun408 clearfix\" >\n\t    \t\t<div class=\"row_inner col_align_top tf_box tf_w tf_rel\">\n\t\t\t<div  data-lazy=\"1\" class=\"module_column tb-column col-full first tb_psll408 tf_box\">\n\t    \t    \t<\/div>\n\t\t    <\/div>\n\t    <!-- \/row_inner -->\n\t<\/div>\n\t<!-- \/module_row -->\n\t\t<!-- module_row -->\n\t<div  data-lazy=\"1\" class=\"module_row themify_builder_row tb_rdgv640 clearfix\" >\n\t    \t\t<div class=\"row_inner col_align_top tf_box tf_w tf_rel\">\n\t\t\t<div  data-lazy=\"1\" class=\"module_column tb-column col-full first tb_c9p6640 tf_box\">\n\t    \t    \t<\/div>\n\t\t    <\/div>\n\t    <!-- \/row_inner -->\n\t<\/div>\n\t<!-- \/module_row -->\n\t\t<!-- module_row -->\n\t<div  data-lazy=\"1\" class=\"module_row themify_builder_row tb_wldr585 clearfix\">\n\t    \t\t<div class=\"row_inner col_align_top tf_box tf_w tf_rel\">\n\t\t\t<div  data-lazy=\"1\" class=\"module_column tb-column col-full first tb_74kv585 tf_box\">\n\t    \t    \t        <div class=\"tb-column-inner tf_box tf_w\">\n\t\t    <!-- module plain text -->\n<div  class=\"module module-plain-text tb_5bce589\" data-lazy=\"1\">\n        <div class=\"tb_text_wrap\" >\n\t    <\/div>\n<\/div>\n<!-- \/module plain text -->\t        <\/div>\n\t    \t<\/div>\n\t\t    <\/div>\n\t    <!-- \/row_inner -->\n\t<\/div>\n\t<!-- \/module_row -->\n\t<\/div>\n<!--\/themify_builder_content-->\n\n\n<p><\/p>","protected":false},"excerpt":{"rendered":"","protected":false},"author":1,"featured_media":0,"parent":0,"menu_order":0,"comment_status":"closed","ping_status":"closed","template":"","meta":{"footnotes":""},"class_list":["post-15","page","type-page","status-publish","hentry","has-post-title","has-post-date","has-post-category","has-post-tag","has-post-comment","has-post-author",""],"yoast_head":"<!-- This site is optimized with the Yoast SEO plugin v27.5 - https:\/\/yoast.com\/product\/yoast-seo-wordpress\/ -->\n<title>p-created | Leistungsportfolio - \u00dcnal S\u00f6ylemez | Sch\u00fcler der BhakWien10<\/title>\n<meta name=\"description\" content=\"Sch\u00fcler der Handelsakademie - Digital Business. Entwickle Projekte und pr\u00e4sentiere es auf meine Webseite. Habe sehr coole Projekte entwickelt.\" \/>\n<meta name=\"robots\" content=\"index, follow, max-snippet:-1, max-image-preview:large, max-video-preview:-1\" \/>\n<link rel=\"canonical\" href=\"https:\/\/tfc.bhakwien10.at\/en\/\" \/>\n<meta property=\"og:locale\" content=\"en_US\" \/>\n<meta property=\"og:type\" content=\"article\" \/>\n<meta property=\"og:title\" content=\"p-created | Leistungsportfolio - \u00dcnal S\u00f6ylemez | Sch\u00fcler der BhakWien10\" \/>\n<meta property=\"og:description\" content=\"Sch\u00fcler der Handelsakademie - Digital Business. Entwickle Projekte und pr\u00e4sentiere es auf meine Webseite. Habe sehr coole Projekte entwickelt.\" \/>\n<meta property=\"og:url\" content=\"https:\/\/tfc.bhakwien10.at\/en\/\" \/>\n<meta property=\"og:site_name\" content=\"TFC - The Fair Company\" \/>\n<meta property=\"article:modified_time\" content=\"2025-02-26T08:05:29+00:00\" \/>\n<meta name=\"twitter:card\" content=\"summary_large_image\" \/>\n<script type=\"application\/ld+json\" class=\"yoast-schema-graph\">{\"@context\":\"https:\\\/\\\/schema.org\",\"@graph\":[{\"@type\":\"WebPage\",\"@id\":\"https:\\\/\\\/tfc.bhakwien10.at\\\/\",\"url\":\"https:\\\/\\\/tfc.bhakwien10.at\\\/\",\"name\":\"p-created | Leistungsportfolio - \u00dcnal S\u00f6ylemez | Sch\u00fcler der BhakWien10\",\"isPartOf\":{\"@id\":\"https:\\\/\\\/tfc.bhakwien10.at\\\/#website\"},\"datePublished\":\"2021-04-06T19:46:32+00:00\",\"dateModified\":\"2025-02-26T08:05:29+00:00\",\"description\":\"Sch\u00fcler der Handelsakademie - Digital Business. Entwickle Projekte und pr\u00e4sentiere es auf meine Webseite. Habe sehr coole Projekte entwickelt.\",\"breadcrumb\":{\"@id\":\"https:\\\/\\\/tfc.bhakwien10.at\\\/#breadcrumb\"},\"inLanguage\":\"en-US\",\"potentialAction\":[{\"@type\":\"ReadAction\",\"target\":[\"https:\\\/\\\/tfc.bhakwien10.at\\\/\"]}]},{\"@type\":\"BreadcrumbList\",\"@id\":\"https:\\\/\\\/tfc.bhakwien10.at\\\/#breadcrumb\",\"itemListElement\":[{\"@type\":\"ListItem\",\"position\":1,\"name\":\"Home\",\"item\":\"https:\\\/\\\/tfc.bhakwien10.at\\\/\"},{\"@type\":\"ListItem\",\"position\":2,\"name\":\"Home\"}]},{\"@type\":\"WebSite\",\"@id\":\"https:\\\/\\\/tfc.bhakwien10.at\\\/#website\",\"url\":\"https:\\\/\\\/tfc.bhakwien10.at\\\/\",\"name\":\"TFC - The Fair Company\",\"description\":\"eine \u00dcbungsfirma der BHAK Wien10\",\"publisher\":{\"@id\":\"https:\\\/\\\/tfc.bhakwien10.at\\\/#\\\/schema\\\/person\\\/5cb8fa697af6d33808159e9d7906b0b3\"},\"potentialAction\":[{\"@type\":\"SearchAction\",\"target\":{\"@type\":\"EntryPoint\",\"urlTemplate\":\"https:\\\/\\\/tfc.bhakwien10.at\\\/?s={search_term_string}\"},\"query-input\":{\"@type\":\"PropertyValueSpecification\",\"valueRequired\":true,\"valueName\":\"search_term_string\"}}],\"inLanguage\":\"en-US\"},{\"@type\":[\"Person\",\"Organization\"],\"@id\":\"https:\\\/\\\/tfc.bhakwien10.at\\\/#\\\/schema\\\/person\\\/5cb8fa697af6d33808159e9d7906b0b3\",\"name\":\"TFC-Admin\",\"image\":{\"@type\":\"ImageObject\",\"inLanguage\":\"en-US\",\"@id\":\"https:\\\/\\\/secure.gravatar.com\\\/avatar\\\/e88abb8a9aa7b3ea623f6d7a03a34020950834c12ff10592a59cb1adce75b534?s=96&d=mm&r=g\",\"url\":\"https:\\\/\\\/secure.gravatar.com\\\/avatar\\\/e88abb8a9aa7b3ea623f6d7a03a34020950834c12ff10592a59cb1adce75b534?s=96&d=mm&r=g\",\"contentUrl\":\"https:\\\/\\\/secure.gravatar.com\\\/avatar\\\/e88abb8a9aa7b3ea623f6d7a03a34020950834c12ff10592a59cb1adce75b534?s=96&d=mm&r=g\",\"caption\":\"TFC-Admin\"},\"logo\":{\"@id\":\"https:\\\/\\\/secure.gravatar.com\\\/avatar\\\/e88abb8a9aa7b3ea623f6d7a03a34020950834c12ff10592a59cb1adce75b534?s=96&d=mm&r=g\"},\"sameAs\":[\"https:\\\/\\\/tfc.bhakwien10.at\\\/\"]}]}<\/script>\n<!-- \/ Yoast SEO plugin. -->","yoast_head_json":{"title":"p-created | Leistungsportfolio - \u00dcnal S\u00f6ylemez | Sch\u00fcler der BhakWien10","description":"Sch\u00fcler der Handelsakademie - Digital Business. Entwickle Projekte und pr\u00e4sentiere es auf meine Webseite. Habe sehr coole Projekte entwickelt.","robots":{"index":"index","follow":"follow","max-snippet":"max-snippet:-1","max-image-preview":"max-image-preview:large","max-video-preview":"max-video-preview:-1"},"canonical":"https:\/\/tfc.bhakwien10.at\/en\/","og_locale":"en_US","og_type":"article","og_title":"p-created | Leistungsportfolio - \u00dcnal S\u00f6ylemez | Sch\u00fcler der BhakWien10","og_description":"Sch\u00fcler der Handelsakademie - Digital Business. Entwickle Projekte und pr\u00e4sentiere es auf meine Webseite. Habe sehr coole Projekte entwickelt.","og_url":"https:\/\/tfc.bhakwien10.at\/en\/","og_site_name":"TFC - The Fair Company","article_modified_time":"2025-02-26T08:05:29+00:00","twitter_card":"summary_large_image","schema":{"@context":"https:\/\/schema.org","@graph":[{"@type":"WebPage","@id":"https:\/\/tfc.bhakwien10.at\/","url":"https:\/\/tfc.bhakwien10.at\/","name":"p-created | Leistungsportfolio - \u00dcnal S\u00f6ylemez | Sch\u00fcler der BhakWien10","isPartOf":{"@id":"https:\/\/tfc.bhakwien10.at\/#website"},"datePublished":"2021-04-06T19:46:32+00:00","dateModified":"2025-02-26T08:05:29+00:00","description":"Sch\u00fcler der Handelsakademie - Digital Business. Entwickle Projekte und pr\u00e4sentiere es auf meine Webseite. Habe sehr coole Projekte entwickelt.","breadcrumb":{"@id":"https:\/\/tfc.bhakwien10.at\/#breadcrumb"},"inLanguage":"en-US","potentialAction":[{"@type":"ReadAction","target":["https:\/\/tfc.bhakwien10.at\/"]}]},{"@type":"BreadcrumbList","@id":"https:\/\/tfc.bhakwien10.at\/#breadcrumb","itemListElement":[{"@type":"ListItem","position":1,"name":"Home","item":"https:\/\/tfc.bhakwien10.at\/"},{"@type":"ListItem","position":2,"name":"Home"}]},{"@type":"WebSite","@id":"https:\/\/tfc.bhakwien10.at\/#website","url":"https:\/\/tfc.bhakwien10.at\/","name":"TFC - The Fair Company","description":"eine \u00dcbungsfirma der BHAK Wien10","publisher":{"@id":"https:\/\/tfc.bhakwien10.at\/#\/schema\/person\/5cb8fa697af6d33808159e9d7906b0b3"},"potentialAction":[{"@type":"SearchAction","target":{"@type":"EntryPoint","urlTemplate":"https:\/\/tfc.bhakwien10.at\/?s={search_term_string}"},"query-input":{"@type":"PropertyValueSpecification","valueRequired":true,"valueName":"search_term_string"}}],"inLanguage":"en-US"},{"@type":["Person","Organization"],"@id":"https:\/\/tfc.bhakwien10.at\/#\/schema\/person\/5cb8fa697af6d33808159e9d7906b0b3","name":"TFC-Admin","image":{"@type":"ImageObject","inLanguage":"en-US","@id":"https:\/\/secure.gravatar.com\/avatar\/e88abb8a9aa7b3ea623f6d7a03a34020950834c12ff10592a59cb1adce75b534?s=96&d=mm&r=g","url":"https:\/\/secure.gravatar.com\/avatar\/e88abb8a9aa7b3ea623f6d7a03a34020950834c12ff10592a59cb1adce75b534?s=96&d=mm&r=g","contentUrl":"https:\/\/secure.gravatar.com\/avatar\/e88abb8a9aa7b3ea623f6d7a03a34020950834c12ff10592a59cb1adce75b534?s=96&d=mm&r=g","caption":"TFC-Admin"},"logo":{"@id":"https:\/\/secure.gravatar.com\/avatar\/e88abb8a9aa7b3ea623f6d7a03a34020950834c12ff10592a59cb1adce75b534?s=96&d=mm&r=g"},"sameAs":["https:\/\/tfc.bhakwien10.at\/"]}]}},"builder_content":"<h1>TFC - The Fair Company<\/h1>\n<a href=\"https:\/\/marketplace.penworldwide.org\/?enterprisePenCode=AT010000694%20\" target=\"_blank\" rel=\"noopener\"> Web-Shop <\/a>\n<h1>TFC - The Fair Company<\/h1>\n<a href=\"https:\/\/marketplace.penworldwide.org\/?enterprisePenCode=AT010000694%20\" target=\"_blank\" rel=\"noopener\"> Web-Shop <\/a>\n<h2 style=\"text-align: center;\">Bestsellers<\/h2>\n<svg> <circle r=\"calc(50% - 1.5px)\" cx=\"50%\" cy=\"50%\" stroke-width=\"3\"\/> <circle r=\"calc(50% - 1.5px)\" cx=\"50%\" cy=\"50%\" stroke=\"#de5d5d\" stroke-width=\"3\" data-progress=\"100\" stroke-dasharray=\"0,10000\"\/> <\/svg> <img style=\"width:calc(100% - 6px);height:calc(100% - 6px)\" src=\"https:\/\/tfc.bhakwien10.at\/wp-content\/uploads\/2022\/11\/Bio-Choc-Kokos-Orange.png\" alt=\"BIO CHOC Kokos-Orange\"> <h3> BIO CHOC Kokos-Orange <\/h3>\n<svg> <circle r=\"calc(50% - 1.5px)\" cx=\"50%\" cy=\"50%\" stroke-width=\"3\"\/> <circle r=\"calc(50% - 1.5px)\" cx=\"50%\" cy=\"50%\" stroke=\"#de5d5d\" stroke-width=\"3\" data-progress=\"100\" stroke-dasharray=\"0,10000\"\/> <\/svg> <img style=\"width:calc(100% - 6px);height:calc(100% - 6px)\" src=\"https:\/\/tfc.bhakwien10.at\/wp-content\/uploads\/2021\/11\/food8.png\" alt=\"SEGELKAFFEE Arabica-Bohnenqualit\u00e4t\"> <h3> SEGELKAFFEE Arabica-Bohnenqualit\u00e4t <\/h3>\n<svg> <circle r=\"calc(50% - 1.5px)\" cx=\"50%\" cy=\"50%\" stroke-width=\"3\"\/> <circle r=\"calc(50% - 1.5px)\" cx=\"50%\" cy=\"50%\" stroke=\"#de5d5d\" stroke-width=\"3\" data-progress=\"100\" stroke-dasharray=\"0,10000\"\/> <\/svg> <img style=\"width:calc(100% - 6px);height:calc(100% - 6px)\" src=\"https:\/\/tfc.bhakwien10.at\/wp-content\/uploads\/2021\/11\/non-food4.png\" alt=\"Rosen Seife 100% nat\u00fcrliche \u00d6le\"> <h3> Rosen Seife 100% nat\u00fcrliche \u00d6le <\/h3>\n<h1><strong>News<\/strong><\/h1>\n<img src=\"https:\/\/tfc.bhakwien10.schulwebspace.at\/wp-content\/uploads\/2025\/01\/image001.png\" width=\"849\" height=\"730\" title=\"Home\" alt=\"Home\">\n<a href=\"https:\/\/www.instagram.com\/thefaircompany\/?hl=de\" rel=\"noopener\" target=\"_blank\"> <i><svg aria-hidden=\"true\"><use href=\"#tf-ti-instagram\"><\/use><\/svg><\/i> Instagram <\/a>\n\n","_links":{"self":[{"href":"https:\/\/tfc.bhakwien10.at\/en\/wp-json\/wp\/v2\/pages\/15","targetHints":{"allow":["GET"]}}],"collection":[{"href":"https:\/\/tfc.bhakwien10.at\/en\/wp-json\/wp\/v2\/pages"}],"about":[{"href":"https:\/\/tfc.bhakwien10.at\/en\/wp-json\/wp\/v2\/types\/page"}],"author":[{"embeddable":true,"href":"https:\/\/tfc.bhakwien10.at\/en\/wp-json\/wp\/v2\/users\/1"}],"replies":[{"embeddable":true,"href":"https:\/\/tfc.bhakwien10.at\/en\/wp-json\/wp\/v2\/comments?post=15"}],"version-history":[{"count":293,"href":"https:\/\/tfc.bhakwien10.at\/en\/wp-json\/wp\/v2\/pages\/15\/revisions"}],"predecessor-version":[{"id":1210,"href":"https:\/\/tfc.bhakwien10.at\/en\/wp-json\/wp\/v2\/pages\/15\/revisions\/1210"}],"wp:attachment":[{"href":"https:\/\/tfc.bhakwien10.at\/en\/wp-json\/wp\/v2\/media?parent=15"}],"curies":[{"name":"wp","href":"https:\/\/api.w.org\/{rel}","templated":true}]}}